{"id":6522,"date":"2024-03-27T13:39:51","date_gmt":"2024-03-27T12:39:51","guid":{"rendered":"https:\/\/tjaralinwp.azurewebsites.net\/?post_type=product&#038;p=6522"},"modified":"2025-02-11T17:45:02","modified_gmt":"2025-02-11T16:45:02","slug":"glittery","status":"publish","type":"product","link":"https:\/\/tjaralin.no\/sv\/produkt\/glittrande\/","title":{"rendered":"Glittery"},"content":{"rendered":"<p>Glittery \u00e4r en dekorativ f\u00e4rg som ger v\u00e4ggen en antydan till glitter. F\u00e4rgen \u00e4r transparent och inneh\u00e5ller sm\u00e5 silverkorn. Detta ger v\u00e4ggen ett mycket speciellt utseende, n\u00e4stan som en stj\u00e4rnhimmel.<\/p>\n<ul>\n<li>Blank yta<\/li>\n<li>L\u00e4tt att applicera<\/li>\n<li>Unik utseende<\/li>\n<\/ul>\n<div id=\"gtx-trans\" style=\"position: absolute; left: -29px; top: 176px;\">\n<div class=\"gtx-trans-icon\"><\/div>\n<\/div>","protected":false},"excerpt":{"rendered":"<p style=\"text-align: center;\">En hint av glitter!<\/p>\n<ul style=\"text-align: left;\">\n<li>Blank yta<\/li>\n<li>L\u00e4tt att applicera<\/li>\n<li>Unik utseende<\/li>\n<\/ul>","protected":false},"featured_media":6523,"template":"","meta":[],"product_cat":[35],"product_tag":[116],"class_list":{"0":"post-6522","1":"product","2":"type-product","3":"status-publish","4":"has-post-thumbnail","6":"product_cat-effektmaling","7":"product_tag-effektmaling","9":"first","10":"instock","11":"downloadable","12":"shipping-taxable","13":"product-type-simple"},"aioseo_notices":[],"_links":{"self":[{"href":"https:\/\/tjaralin.no\/sv\/wp-json\/wp\/v2\/product\/6522"}],"collection":[{"href":"https:\/\/tjaralin.no\/sv\/wp-json\/wp\/v2\/product"}],"about":[{"href":"https:\/\/tjaralin.no\/sv\/wp-json\/wp\/v2\/types\/product"}],"wp:featuredmedia":[{"embeddable":true,"href":"https:\/\/tjaralin.no\/sv\/wp-json\/wp\/v2\/media\/6523"}],"wp:attachment":[{"href":"https:\/\/tjaralin.no\/sv\/wp-json\/wp\/v2\/media?parent=6522"}],"wp:term":[{"taxonomy":"product_cat","embeddable":true,"href":"https:\/\/tjaralin.no\/sv\/wp-json\/wp\/v2\/product_cat?post=6522"},{"taxonomy":"product_tag","embeddable":true,"href":"https:\/\/tjaralin.no\/sv\/wp-json\/wp\/v2\/product_tag?post=6522"}],"curies":[{"name":"wp","href":"https:\/\/api.w.org\/{rel}","templated":true}]}}