{"id":4015,"date":"2024-03-01T16:31:48","date_gmt":"2024-03-01T15:31:48","guid":{"rendered":"https:\/\/tjaralinwp.azurewebsites.net\/?post_type=product&#038;p=4015"},"modified":"2024-04-02T11:05:40","modified_gmt":"2024-04-02T09:05:40","slug":"kraftvask","status":"publish","type":"product","link":"https:\/\/www.tjaralin.one\/sv\/produkt\/krafttvatt\/","title":{"rendered":"Kraftvask"},"content":{"rendered":"<p>Tj\u00e6ralin Kraftvask \u00e4r ett kraftigt tv\u00e4ttmedel f\u00f6r extra smutsiga fasader innan applicering. Den l\u00f6ser fett, olja, sot och annan smuts och \u00e4r v\u00e4l l\u00e4mpad f\u00f6r tr\u00e4fasader som \u00e4r behandlade\/m\u00e5lade sedan tidigare, eller tr\u00e4fasader som har st\u00e5tt l\u00e4nge obehandlade innan de ska betsas eller m\u00e5las.<\/p>\n<p>Finns i 5-litersdunkar och 1-litersflaskor.<\/p>","protected":false},"excerpt":{"rendered":"<p style=\"text-align: center;\">Kraftfullt reng\u00f6ringsmedel f\u00f6r ytor som ska m\u00e5las!<\/p>\n<ul style=\"text-align: left;\">\n<li>Effektiv<\/li>\n<li>Tar bort svamp<\/li>\n<li>Mattning<\/li>\n<\/ul>","protected":false},"featured_media":3952,"template":"","meta":[],"product_cat":[33],"product_tag":[46],"class_list":{"0":"post-4015","1":"product","2":"type-product","3":"status-publish","4":"has-post-thumbnail","6":"product_cat-ute","7":"product_tag-vask","9":"first","10":"instock","11":"shipping-taxable","12":"product-type-simple"},"aioseo_notices":[],"_links":{"self":[{"href":"https:\/\/www.tjaralin.one\/sv\/wp-json\/wp\/v2\/product\/4015"}],"collection":[{"href":"https:\/\/www.tjaralin.one\/sv\/wp-json\/wp\/v2\/product"}],"about":[{"href":"https:\/\/www.tjaralin.one\/sv\/wp-json\/wp\/v2\/types\/product"}],"wp:featuredmedia":[{"embeddable":true,"href":"https:\/\/www.tjaralin.one\/sv\/wp-json\/wp\/v2\/media\/3952"}],"wp:attachment":[{"href":"https:\/\/www.tjaralin.one\/sv\/wp-json\/wp\/v2\/media?parent=4015"}],"wp:term":[{"taxonomy":"product_cat","embeddable":true,"href":"https:\/\/www.tjaralin.one\/sv\/wp-json\/wp\/v2\/product_cat?post=4015"},{"taxonomy":"product_tag","embeddable":true,"href":"https:\/\/www.tjaralin.one\/sv\/wp-json\/wp\/v2\/product_tag?post=4015"}],"curies":[{"name":"wp","href":"https:\/\/api.w.org\/{rel}","templated":true}]}}