{"id":2020,"date":"2023-10-06T15:15:41","date_gmt":"2023-10-06T13:15:41","guid":{"rendered":"https:\/\/tjaralinwp.azurewebsites.net\/?post_type=product&#038;p=2020"},"modified":"2024-03-01T15:23:52","modified_gmt":"2024-03-01T14:23:52","slug":"husvask","status":"publish","type":"product","link":"http:\/\/tjaralin.no\/sv\/produkt\/tvatt\/","title":{"rendered":"Hustv\u00e4tt"},"content":{"rendered":"<p><span class=\"gray14\">Tj\u00e6ralin rekommenderar \u00e5rlig tv\u00e4tt av hus och Tj\u00e6ralin Hustv\u00e4tt \u00e4r speciellt utvecklad f\u00f6r tv\u00e4tt av husfasader. Damm, svampar och andra f\u00f6roreningar s\u00e4tter sig p\u00e5 tr\u00e4ytan och f\u00f6rs\u00e4mrar tr\u00e4ets utseende. En \u00e5rlig tv\u00e4tt \u00e4r avg\u00f6rande f\u00f6r husets l\u00e5ngsiktiga skick.<\/span><span class=\"gray14\">\u00a0<\/span><span class=\"gray14\">Det anv\u00e4nds i den rekommenderade dosen 1:10 f\u00f6r \u00e5rlig reng\u00f6ring.<\/span><\/p>","protected":false},"excerpt":{"rendered":"<p style=\"text-align: center;\">G\u00f6r ditt hus redo f\u00f6r s\u00e4songen!<\/p>\n<ul style=\"text-align: left;\">\n<li>L\u00e5ngtidsverkande<\/li>\n<li>L\u00e4ngre livsl\u00e4ngd<\/li>\n<li>Skadar inte<\/li>\n<\/ul>","protected":false},"featured_media":3954,"template":"","meta":[],"product_cat":[33],"product_tag":[46],"class_list":{"0":"post-2020","1":"product","2":"type-product","3":"status-publish","4":"has-post-thumbnail","6":"product_cat-ute","7":"product_tag-vask","9":"first","10":"instock","11":"shipping-taxable","12":"product-type-simple"},"aioseo_notices":[],"_links":{"self":[{"href":"http:\/\/tjaralin.no\/sv\/wp-json\/wp\/v2\/product\/2020"}],"collection":[{"href":"http:\/\/tjaralin.no\/sv\/wp-json\/wp\/v2\/product"}],"about":[{"href":"http:\/\/tjaralin.no\/sv\/wp-json\/wp\/v2\/types\/product"}],"wp:featuredmedia":[{"embeddable":true,"href":"http:\/\/tjaralin.no\/sv\/wp-json\/wp\/v2\/media\/3954"}],"wp:attachment":[{"href":"http:\/\/tjaralin.no\/sv\/wp-json\/wp\/v2\/media?parent=2020"}],"wp:term":[{"taxonomy":"product_cat","embeddable":true,"href":"http:\/\/tjaralin.no\/sv\/wp-json\/wp\/v2\/product_cat?post=2020"},{"taxonomy":"product_tag","embeddable":true,"href":"http:\/\/tjaralin.no\/sv\/wp-json\/wp\/v2\/product_tag?post=2020"}],"curies":[{"name":"wp","href":"https:\/\/api.w.org\/{rel}","templated":true}]}}