{"id":2018,"date":"2023-10-06T15:10:58","date_gmt":"2023-10-06T13:10:58","guid":{"rendered":"https:\/\/tjaralinwp.azurewebsites.net\/?post_type=product&#038;p=2018"},"modified":"2026-04-30T12:10:59","modified_gmt":"2026-04-30T10:10:59","slug":"treolje","status":"publish","type":"product","link":"https:\/\/www.tjaralin.no\/sv\/produkt\/treacle\/","title":{"rendered":"Treolje"},"content":{"rendered":"<p>Tj\u00e6ralin Tr\u00e4olja \u00e4r l\u00f6sningsmedelsfattig och har en mycket h\u00f6g oljehalt tillsammans med tr\u00e4tj\u00e4ra, linolja och svampmedel. Detta ger en homogen yta samtidigt som tr\u00e4et bevaras. Den f\u00f6rhindrar gr\u00e5nad och sprickbildning i tr\u00e4et. Tj\u00e6ralin Tr\u00e4olja ska sugas in i tr\u00e4et och skydda p\u00e5 djupet. Den ska l\u00e4mna ett matt utseende. Det \u00e4r mycket viktigt att \u00f6verfl\u00f6dig olja torkas bort efter att den har absorberats.<\/p>","protected":false},"excerpt":{"rendered":"<p style=\"text-align: center;\">Tj\u00e6ralin Tr\u00e4olja f\u00f6rhindrar gr\u00e5ning och sprickbildning i tr\u00e4et.<\/p>\n<ul>\n<li style=\"text-align: left;\">F\u00f6rhindrar fukt<\/li>\n<li style=\"text-align: left;\">F\u00f6rhindrar sprickor<\/li>\n<li style=\"text-align: left;\">Homogen yta<\/li>\n<\/ul>\n<div id=\"gtx-trans\" style=\"position: absolute; left: 9px; top: 30px;\">\n<div class=\"gtx-trans-icon\"><\/div>\n<\/div>","protected":false},"featured_media":8551,"template":"","meta":[],"product_cat":[33],"product_tag":[45,44],"class_list":{"0":"post-2018","1":"product","2":"type-product","3":"status-publish","4":"has-post-thumbnail","6":"product_cat-ute","7":"product_tag-olje","8":"product_tag-terrasse","10":"first","11":"instock","12":"shipping-taxable","13":"product-type-simple"},"aioseo_notices":[],"_links":{"self":[{"href":"https:\/\/www.tjaralin.no\/sv\/wp-json\/wp\/v2\/product\/2018"}],"collection":[{"href":"https:\/\/www.tjaralin.no\/sv\/wp-json\/wp\/v2\/product"}],"about":[{"href":"https:\/\/www.tjaralin.no\/sv\/wp-json\/wp\/v2\/types\/product"}],"wp:featuredmedia":[{"embeddable":true,"href":"https:\/\/www.tjaralin.no\/sv\/wp-json\/wp\/v2\/media\/8551"}],"wp:attachment":[{"href":"https:\/\/www.tjaralin.no\/sv\/wp-json\/wp\/v2\/media?parent=2018"}],"wp:term":[{"taxonomy":"product_cat","embeddable":true,"href":"https:\/\/www.tjaralin.no\/sv\/wp-json\/wp\/v2\/product_cat?post=2018"},{"taxonomy":"product_tag","embeddable":true,"href":"https:\/\/www.tjaralin.no\/sv\/wp-json\/wp\/v2\/product_tag?post=2018"}],"curies":[{"name":"wp","href":"https:\/\/api.w.org\/{rel}","templated":true}]}}