{"id":2017,"date":"2023-10-06T15:07:08","date_gmt":"2023-10-06T13:07:08","guid":{"rendered":"https:\/\/tjaralinwp.azurewebsites.net\/?post_type=product&#038;p=2017"},"modified":"2025-06-19T13:39:05","modified_gmt":"2025-06-19T11:39:05","slug":"murmal","status":"publish","type":"product","link":"https:\/\/www.tjaralin.no\/sv\/produkt\/mumla\/","title":{"rendered":"Murmal"},"content":{"rendered":"<p>Det f\u00f6rekommer alltid en viss fuktighet i mur och betong. Marmorn ger en diffusions\u00f6ppen film som transporterar ut fukten, inte in. Detta ger en v\u00e4derbest\u00e4ndig film med mycket bra vidh\u00e4ftning. Produkten \u00e4r \u00f6verm\u00e5lningsbar och kan blandas i de allra flesta f\u00e4rger.<\/p>","protected":false},"excerpt":{"rendered":"<p style=\"text-align: center;\">Gl\u00f6m inte tegelv\u00e4ggen!<\/p>\n<ul style=\"text-align: left;\">\n<li>H\u00e5llfast och t\u00e4cker bra<\/li>\n<li>L\u00e5ng h\u00e5llbarhet<\/li>\n<li>Diffusion\u00f6ppen<\/li>\n<\/ul>","protected":false},"featured_media":2005,"template":"","meta":[],"product_cat":[33],"product_tag":[43],"class_list":{"0":"post-2017","1":"product","2":"type-product","3":"status-publish","4":"has-post-thumbnail","6":"product_cat-ute","7":"product_tag-maling","9":"first","10":"instock","11":"shipping-taxable","12":"product-type-simple"},"aioseo_notices":[],"_links":{"self":[{"href":"https:\/\/www.tjaralin.no\/sv\/wp-json\/wp\/v2\/product\/2017"}],"collection":[{"href":"https:\/\/www.tjaralin.no\/sv\/wp-json\/wp\/v2\/product"}],"about":[{"href":"https:\/\/www.tjaralin.no\/sv\/wp-json\/wp\/v2\/types\/product"}],"wp:featuredmedia":[{"embeddable":true,"href":"https:\/\/www.tjaralin.no\/sv\/wp-json\/wp\/v2\/media\/2005"}],"wp:attachment":[{"href":"https:\/\/www.tjaralin.no\/sv\/wp-json\/wp\/v2\/media?parent=2017"}],"wp:term":[{"taxonomy":"product_cat","embeddable":true,"href":"https:\/\/www.tjaralin.no\/sv\/wp-json\/wp\/v2\/product_cat?post=2017"},{"taxonomy":"product_tag","embeddable":true,"href":"https:\/\/www.tjaralin.no\/sv\/wp-json\/wp\/v2\/product_tag?post=2017"}],"curies":[{"name":"wp","href":"https:\/\/api.w.org\/{rel}","templated":true}]}}