{"id":1940,"date":"2023-10-06T12:24:05","date_gmt":"2023-10-06T10:24:05","guid":{"rendered":"https:\/\/tjaralinwp.azurewebsites.net\/?post_type=product&#038;p=1940"},"modified":"2024-04-02T11:36:22","modified_gmt":"2024-04-02T09:36:22","slug":"froya-dor-list","status":"publish","type":"product","link":"https:\/\/www.tjaralin.one\/sv\/produkt\/froya-dor-lista\/","title":{"rendered":"Fr\u00f8ya D\u00f8r &amp; List"},"content":{"rendered":"<p>Interi\u00f6rf\u00e4rg i h\u00f6gsta kvalitet med olik anv\u00e4ndningsomr\u00e5den och glans. I den h\u00e4r serien hittar du garanterat det du beh\u00f6ver n\u00e4r du ska f\u00f6rnya ditt hem. Exklusiv f\u00e4rg som t\u00e4cker v\u00e4l och g\u00f6r renovering och f\u00f6rnyande till ett roligt projekt<\/p>\n<p>Fr\u00f8ya D\u00f8r &amp; List \u00e4r en akrylbaserad, halvblank och vattenburen interi\u00f6rf\u00e4rg som kan anv\u00e4ndas p\u00e5 d\u00f6rrar, lister, karmar, f\u00f6nster, m\u00f6bler och tr\u00e4paneler. En exklusiv f\u00e4rg med god glans baserad p\u00e5 ny teknik. F\u00e4rgen har mycket bra flyt, t\u00e4cker v\u00e4l och \u00e4r enkel att applicera, samtidigt som den \u00e4r slitstark.<\/p>","protected":false},"excerpt":{"rendered":"<p style=\"text-align: center;\">F\u00f6r d\u00f6rr och list<\/p>\n<ul style=\"text-align: left;\">\n<li>Mycket bra t\u00e4ckning<\/li>\n<li>Extremt h\u00e5llbar<\/li>\n<li>Har mycket bra utflytning<\/li>\n<\/ul>\n<div id=\"gtx-trans\" style=\"position: absolute; left: 224px; top: 62px;\">\n<div class=\"gtx-trans-icon\"><\/div>\n<\/div>","protected":false},"featured_media":1937,"template":"","meta":[],"product_cat":[34],"product_tag":[43],"class_list":{"0":"post-1940","1":"product","2":"type-product","3":"status-publish","4":"has-post-thumbnail","6":"product_cat-inne","7":"product_tag-maling","9":"first","10":"instock","11":"shipping-taxable","12":"product-type-simple"},"aioseo_notices":[],"_links":{"self":[{"href":"https:\/\/www.tjaralin.one\/sv\/wp-json\/wp\/v2\/product\/1940"}],"collection":[{"href":"https:\/\/www.tjaralin.one\/sv\/wp-json\/wp\/v2\/product"}],"about":[{"href":"https:\/\/www.tjaralin.one\/sv\/wp-json\/wp\/v2\/types\/product"}],"wp:featuredmedia":[{"embeddable":true,"href":"https:\/\/www.tjaralin.one\/sv\/wp-json\/wp\/v2\/media\/1937"}],"wp:attachment":[{"href":"https:\/\/www.tjaralin.one\/sv\/wp-json\/wp\/v2\/media?parent=1940"}],"wp:term":[{"taxonomy":"product_cat","embeddable":true,"href":"https:\/\/www.tjaralin.one\/sv\/wp-json\/wp\/v2\/product_cat?post=1940"},{"taxonomy":"product_tag","embeddable":true,"href":"https:\/\/www.tjaralin.one\/sv\/wp-json\/wp\/v2\/product_tag?post=1940"}],"curies":[{"name":"wp","href":"https:\/\/api.w.org\/{rel}","templated":true}]}}