{"id":1932,"date":"2023-10-06T12:23:20","date_gmt":"2023-10-06T10:23:20","guid":{"rendered":"https:\/\/tjaralinwp.azurewebsites.net\/?post_type=product&#038;p=1932"},"modified":"2024-11-26T15:40:23","modified_gmt":"2024-11-26T14:40:23","slug":"interiorbeis","status":"publish","type":"product","link":"https:\/\/tjaralin.one\/sv\/produkt\/invandig-fargning\/","title":{"rendered":"Interi\u00f8rbeis"},"content":{"rendered":"<p>Interi\u00f6rbets \u00e4r en vacker matt bets f\u00f6r inomhusbruk. Betsen framh\u00e4ver tr\u00e4ets naturliga struktur och ger ett vackert f\u00e4rgspel. Produkten \u00e4r avsedd f\u00f6r nytt obehandlat tr\u00e4, d\u00e4r ett vackert utseende \u00f6nskas med ett lager. Vid mindre f\u00e4rgskiftningar kan ytan torkas av med en luddfri trasa. Tj\u00e6ralin Interi\u00f6rbets framh\u00e4ver tr\u00e4ets naturliga utseende och ger ett fantastiskt ljud. Finns i m\u00e5nga vackra f\u00e4rger!<\/p>","protected":false},"excerpt":{"rendered":"<p>Interi\u00f6rbets \u00e4r en vacker matt bets f\u00f6r inomhusbruk. Betsen framh\u00e4ver tr\u00e4ets naturliga struktur och ger ett vackert f\u00e4rgspel.<\/p>","protected":false},"featured_media":1934,"template":"","meta":[],"product_cat":[34],"product_tag":[37],"class_list":{"0":"post-1932","1":"product","2":"type-product","3":"status-publish","4":"has-post-thumbnail","6":"product_cat-inne","7":"product_tag-beis","9":"first","10":"instock","11":"shipping-taxable","12":"product-type-simple"},"aioseo_notices":[],"_links":{"self":[{"href":"https:\/\/tjaralin.one\/sv\/wp-json\/wp\/v2\/product\/1932"}],"collection":[{"href":"https:\/\/tjaralin.one\/sv\/wp-json\/wp\/v2\/product"}],"about":[{"href":"https:\/\/tjaralin.one\/sv\/wp-json\/wp\/v2\/types\/product"}],"wp:featuredmedia":[{"embeddable":true,"href":"https:\/\/tjaralin.one\/sv\/wp-json\/wp\/v2\/media\/1934"}],"wp:attachment":[{"href":"https:\/\/tjaralin.one\/sv\/wp-json\/wp\/v2\/media?parent=1932"}],"wp:term":[{"taxonomy":"product_cat","embeddable":true,"href":"https:\/\/tjaralin.one\/sv\/wp-json\/wp\/v2\/product_cat?post=1932"},{"taxonomy":"product_tag","embeddable":true,"href":"https:\/\/tjaralin.one\/sv\/wp-json\/wp\/v2\/product_tag?post=1932"}],"curies":[{"name":"wp","href":"https:\/\/api.w.org\/{rel}","templated":true}]}}