{"id":1930,"date":"2023-10-06T12:14:59","date_gmt":"2023-10-06T10:14:59","guid":{"rendered":"https:\/\/tjaralinwp.azurewebsites.net\/?post_type=product&#038;p=1930"},"modified":"2026-04-28T15:09:11","modified_gmt":"2026-04-28T13:09:11","slug":"tjaeralin-hybrid","status":"publish","type":"product","link":"https:\/\/tjaralin.one\/sv\/produkt\/tjaeralin-hybrid\/","title":{"rendered":"Hybrid 25"},"content":{"rendered":"<p>Tj\u00e6ralin Hybrid 25 er en h\u00f8yteknologisk, dekkende, vannfortynnbar, selvrensende akrylmaling tilsatt polyuretanmodifisert alkyd. Malingen lager en sterk malingsfilm<br \/>\nvilket ger ett mycket effektivt skydd mot m\u00f6gel och alger. Det inneb\u00e4r att smuts och smutslager f\u00e5r sv\u00e5rt att f\u00e4sta, vilket i sin tur minskar underh\u00e5llsintervallen.<br \/>\nkommer att h\u00e5lla l\u00e4ngre och du kommer att f\u00e5 ett hus som ser skinande och rent ut under l\u00e4ngre tid!<\/p>\n<p>Velger du Tj\u00e6ralin Hybrid 25 gir du huset ditt en overlegen glans og fargestabilitet sammen med en ekstrem trebeskyttelse. Produktet er overmalbart etter 2 til 4<br \/>\ntimer, noe som gj\u00f8r at du enkelt kan ta 2 str\u00f8k p\u00e5 en dag. Tj\u00e6ralin Hybrid 25 er sv\u00e6rt godt egnet til b\u00e5de nye og gamle trefasader. Den kremaktige konsistensen<br \/>\nger mycket bra appliceringsegenskaper och bra flyt. F\u00e4rgen \u00e4r l\u00e4tt att arbeta med och sparar tid i husv\u00e4ggen.<\/p>","protected":false},"excerpt":{"rendered":"<p style=\"text-align: center;\">Ger extremt tr\u00e4skydd!<\/p>\n<ul style=\"text-align: left;\">\n<li>H\u00e5llbar f\u00e4rg och glans<\/li>\n<li>Snabb torktid<\/li>\n<li>Sj\u00e4lvreng\u00f6rande<\/li>\n<\/ul>","protected":false},"featured_media":8536,"template":"","meta":[],"product_cat":[33],"product_tag":[43],"class_list":{"0":"post-1930","1":"product","2":"type-product","3":"status-publish","4":"has-post-thumbnail","6":"product_cat-ute","7":"product_tag-maling","9":"first","10":"instock","11":"shipping-taxable","12":"product-type-simple"},"aioseo_notices":[],"_links":{"self":[{"href":"https:\/\/tjaralin.one\/sv\/wp-json\/wp\/v2\/product\/1930"}],"collection":[{"href":"https:\/\/tjaralin.one\/sv\/wp-json\/wp\/v2\/product"}],"about":[{"href":"https:\/\/tjaralin.one\/sv\/wp-json\/wp\/v2\/types\/product"}],"wp:featuredmedia":[{"embeddable":true,"href":"https:\/\/tjaralin.one\/sv\/wp-json\/wp\/v2\/media\/8536"}],"wp:attachment":[{"href":"https:\/\/tjaralin.one\/sv\/wp-json\/wp\/v2\/media?parent=1930"}],"wp:term":[{"taxonomy":"product_cat","embeddable":true,"href":"https:\/\/tjaralin.one\/sv\/wp-json\/wp\/v2\/product_cat?post=1930"},{"taxonomy":"product_tag","embeddable":true,"href":"https:\/\/tjaralin.one\/sv\/wp-json\/wp\/v2\/product_tag?post=1930"}],"curies":[{"name":"wp","href":"https:\/\/api.w.org\/{rel}","templated":true}]}}