{"id":1925,"date":"2023-10-06T12:12:44","date_gmt":"2023-10-06T10:12:44","guid":{"rendered":"https:\/\/tjaralinwp.azurewebsites.net\/?post_type=product&#038;p=1925"},"modified":"2024-09-16T17:27:53","modified_gmt":"2024-09-16T15:27:53","slug":"dekkende","status":"publish","type":"product","link":"https:\/\/tjaralin.no\/sv\/produkt\/tackning\/","title":{"rendered":"Dekkende"},"content":{"rendered":"<p>Tj\u00e6ralin Dekkende \u00e4r en oljebaserad t\u00e4ckbets som kan appliceras direkt p\u00e5 nytt tr\u00e4verk utan att du beh\u00f6ver grunda med grundf\u00e4rg. Produkten \u00e4r mycket v\u00e4l l\u00e4mpad f\u00f6r b\u00e5de nya och gamla tr\u00e4fasader.Tj\u00e6ralin Dekkende t\u00e4cker bra och \u00e4r dryg att anv\u00e4nda. Inneh\u00e5ller tr\u00e4tj\u00e4ra, linolja och svampf\u00f6rebyggande medel som ger goda ytegenskaper och bevarar tr\u00e4verket p\u00e5 djupet. Produkten \u00e4r \u00f6verm\u00e5lningsbar och kan blandas i de allra flesta f\u00e4rger.<\/p>\n<ul>\n<li>Bevarar tr\u00e4verket<\/li>\n<li>T\u00e4cker v\u00e4l<\/li>\n<li>Primer och t\u00e4ckf\u00e4rg i ett<\/li>\n<\/ul>\n<div id=\"gtx-trans\" style=\"position: absolute; left: -29px; top: 176px;\">\n<div class=\"gtx-trans-icon\"><\/div>\n<\/div>","protected":false},"excerpt":{"rendered":"<p style=\"text-align: center;\">N\u00e4r du vill ha det b\u00e4sta f\u00f6r ditt hus!<\/p>\n<ul style=\"text-align: left;\">\n<li>Bevarar tr\u00e4verket<\/li>\n<li>T\u00e4cker v\u00e4l<\/li>\n<li>Primer och t\u00e4ckf\u00e4rg i ett<\/li>\n<\/ul>","protected":false},"featured_media":7504,"template":"","meta":[],"product_cat":[33],"product_tag":[42,43],"class_list":{"0":"post-1925","1":"product","2":"type-product","3":"status-publish","4":"has-post-thumbnail","6":"product_cat-ute","7":"product_tag-dekkbeis","8":"product_tag-maling","10":"first","11":"instock","12":"downloadable","13":"shipping-taxable","14":"product-type-simple"},"aioseo_notices":[],"_links":{"self":[{"href":"https:\/\/tjaralin.no\/sv\/wp-json\/wp\/v2\/product\/1925"}],"collection":[{"href":"https:\/\/tjaralin.no\/sv\/wp-json\/wp\/v2\/product"}],"about":[{"href":"https:\/\/tjaralin.no\/sv\/wp-json\/wp\/v2\/types\/product"}],"wp:featuredmedia":[{"embeddable":true,"href":"https:\/\/tjaralin.no\/sv\/wp-json\/wp\/v2\/media\/7504"}],"wp:attachment":[{"href":"https:\/\/tjaralin.no\/sv\/wp-json\/wp\/v2\/media?parent=1925"}],"wp:term":[{"taxonomy":"product_cat","embeddable":true,"href":"https:\/\/tjaralin.no\/sv\/wp-json\/wp\/v2\/product_cat?post=1925"},{"taxonomy":"product_tag","embeddable":true,"href":"https:\/\/tjaralin.no\/sv\/wp-json\/wp\/v2\/product_tag?post=1925"}],"curies":[{"name":"wp","href":"https:\/\/api.w.org\/{rel}","templated":true}]}}