{"id":8464,"date":"2025-12-15T14:53:50","date_gmt":"2025-12-15T13:53:50","guid":{"rendered":"https:\/\/tjaralin.no\/?page_id=8464"},"modified":"2025-12-23T14:40:56","modified_gmt":"2025-12-23T13:40:56","slug":"baerekraft-og-miljo","status":"publish","type":"page","link":"https:\/\/tjaralinwp.azurewebsites.net\/sv\/energi-och-miljo\/","title":{"rendered":"H\u00e5llbarhet och milj\u00f6"},"content":{"rendered":"<div data-elementor-type=\"wp-page\" data-elementor-id=\"8464\" class=\"elementor elementor-8464\" data-elementor-post-type=\"page\">\n\t\t\t\t<div class=\"elementor-element elementor-element-fe6622c e-flex e-con-boxed e-con e-parent\" data-id=\"fe6622c\" data-element_type=\"container\" data-settings=\"{&quot;background_background&quot;:&quot;classic&quot;}\">\n\t\t\t\t\t<div class=\"e-con-inner\">\n\t\t\t\t<div class=\"elementor-element elementor-element-917fadb elementor-widget elementor-widget-heading\" data-id=\"917fadb\" data-element_type=\"widget\" data-widget_type=\"heading.default\">\n\t\t\t\t<div class=\"elementor-widget-container\">\n\t\t\t<style>\/*! elementor - v3.23.0 - 05-08-2024 *\/\n.elementor-heading-title{padding:0;margin:0;line-height:1}.elementor-widget-heading .elementor-heading-title[class*=elementor-size-]>a{color:inherit;font-size:inherit;line-height:inherit}.elementor-widget-heading .elementor-heading-title.elementor-size-small{font-size:15px}.elementor-widget-heading .elementor-heading-title.elementor-size-medium{font-size:19px}.elementor-widget-heading .elementor-heading-title.elementor-size-large{font-size:29px}.elementor-widget-heading .elementor-heading-title.elementor-size-xl{font-size:39px}.elementor-widget-heading .elementor-heading-title.elementor-size-xxl{font-size:59px}<\/style><h1 class=\"elementor-heading-title elementor-size-default\">H\u00e5llbarhet och milj\u00f6<\/h1>\t\t<\/div>\n\t\t\t\t<\/div>\n\t\t\t\t\t<\/div>\n\t\t\t\t<\/div>\n\t\t<div class=\"elementor-element elementor-element-59d9b26 e-flex e-con-boxed e-con e-parent\" data-id=\"59d9b26\" data-element_type=\"container\">\n\t\t\t\t\t<div class=\"e-con-inner\">\n\t\t\t\t<div class=\"elementor-element elementor-element-3f5aba6 elementor-widget elementor-widget-spacer\" data-id=\"3f5aba6\" data-element_type=\"widget\" data-widget_type=\"spacer.default\">\n\t\t\t\t<div class=\"elementor-widget-container\">\n\t\t\t<style>\/*! elementor - v3.23.0 - 05-08-2024 *\/\n.elementor-column .elementor-spacer-inner{height:var(--spacer-size)}.e-con{--container-widget-width:100%}.e-con-inner>.elementor-widget-spacer,.e-con>.elementor-widget-spacer{width:var(--container-widget-width,var(--spacer-size));--align-self:var(--container-widget-align-self,initial);--flex-shrink:0}.e-con-inner>.elementor-widget-spacer>.elementor-widget-container,.e-con>.elementor-widget-spacer>.elementor-widget-container{height:100%;width:100%}.e-con-inner>.elementor-widget-spacer>.elementor-widget-container>.elementor-spacer,.e-con>.elementor-widget-spacer>.elementor-widget-container>.elementor-spacer{height:100%}.e-con-inner>.elementor-widget-spacer>.elementor-widget-container>.elementor-spacer>.elementor-spacer-inner,.e-con>.elementor-widget-spacer>.elementor-widget-container>.elementor-spacer>.elementor-spacer-inner{height:var(--container-widget-height,var(--spacer-size))}.e-con-inner>.elementor-widget-spacer.elementor-widget-empty,.e-con>.elementor-widget-spacer.elementor-widget-empty{position:relative;min-height:22px;min-width:22px}.e-con-inner>.elementor-widget-spacer.elementor-widget-empty .elementor-widget-empty-icon,.e-con>.elementor-widget-spacer.elementor-widget-empty .elementor-widget-empty-icon{position:absolute;top:0;bottom:0;left:0;right:0;margin:auto;padding:0;width:22px;height:22px}<\/style>\t\t<div class=\"elementor-spacer\">\n\t\t\t<div class=\"elementor-spacer-inner\"><\/div>\n\t\t<\/div>\n\t\t\t\t<\/div>\n\t\t\t\t<\/div>\n\t\t\t\t\t<\/div>\n\t\t\t\t<\/div>\n\t\t<div class=\"elementor-element elementor-element-1c8b40b e-flex e-con-boxed e-con e-parent\" data-id=\"1c8b40b\" data-element_type=\"container\">\n\t\t\t\t\t<div class=\"e-con-inner\">\n\t\t<div class=\"elementor-element elementor-element-09e5488 e-con-full e-flex e-con e-child\" data-id=\"09e5488\" data-element_type=\"container\">\n\t\t\t\t<div class=\"elementor-element elementor-element-f12509c elementor-widget elementor-widget-text-editor\" data-id=\"f12509c\" data-element_type=\"widget\" data-widget_type=\"text-editor.default\">\n\t\t\t\t<div class=\"elementor-widget-container\">\n\t\t\t<style>\/*! elementor - v3.23.0 - 05-08-2024 *\/\n.elementor-widget-text-editor.elementor-drop-cap-view-stacked .elementor-drop-cap{background-color:#69727d;color:#fff}.elementor-widget-text-editor.elementor-drop-cap-view-framed .elementor-drop-cap{color:#69727d;border:3px solid;background-color:transparent}.elementor-widget-text-editor:not(.elementor-drop-cap-view-default) .elementor-drop-cap{margin-top:8px}.elementor-widget-text-editor:not(.elementor-drop-cap-view-default) .elementor-drop-cap-letter{width:1em;height:1em}.elementor-widget-text-editor .elementor-drop-cap{float:left;text-align:center;line-height:1;font-size:50px}.elementor-widget-text-editor .elementor-drop-cap-letter{display:inline-block}<\/style>\t\t\t\t<h2><strong>Milj\u00f6arbete i Tj\u00e6ralin AS <\/strong><\/h2>\n<h5><strong>- Status och ytterligare \u00e5tg\u00e4rder<\/strong><\/h5>\n<p data-start=\"305\" data-end=\"627\">Under det senaste \u00e5ret har Tj\u00e6ralin AS fortsatt och st\u00e4rkt sitt arbete med h\u00e5llbarhet och milj\u00f6v\u00e4nliga l\u00f6sningar. V\u00e5rt m\u00e5l \u00e4r att minska f\u00f6retagets milj\u00f6p\u00e5verkan och bidra till en mer ansvarsfull anv\u00e4ndning av resurser. Den h\u00e4r \u00f6versikten ger en bild av status, resultat och ytterligare f\u00f6rb\u00e4ttringsomr\u00e5den i v\u00e5rt milj\u00f6arbete.<\/p>\n<h5><strong>V\u00e5ra milj\u00f6m\u00e5l<\/strong><\/h5>\n<p data-start=\"647\" data-end=\"753\">F\u00f6r att begr\u00e4nsa milj\u00f6p\u00e5verkan fr\u00e5n v\u00e5ra aktiviteter, produkter och tj\u00e4nster arbetar vi systematiskt f\u00f6r att:<\/p>\n<ul data-start=\"755\" data-end=\"1168\">\n<li data-start=\"755\" data-end=\"858\">\n<p data-start=\"757\" data-end=\"858\">F\u00f6lja alla relevanta milj\u00f6lagar, f\u00f6rordningar och andra krav som g\u00e4ller f\u00f6r Tj\u00e6ralins verksamhet<\/p>\n<\/li>\n<li data-start=\"859\" data-end=\"937\">\n<p data-start=\"861\" data-end=\"937\">F\u00f6rhindra f\u00f6roreningar och utsl\u00e4pp, minska avfallet och minimera resursanv\u00e4ndningen<\/p>\n<\/li>\n<li data-start=\"938\" data-end=\"1023\">\n<p data-start=\"940\" data-end=\"1023\">Engagera och medvetandeg\u00f6ra medarbetarna s\u00e5 att de kan utf\u00f6ra sitt arbete p\u00e5 ett milj\u00f6m\u00e4ssigt ansvarsfullt s\u00e4tt<\/p>\n<\/li>\n<li data-start=\"1024\" data-end=\"1113\">\n<p data-start=\"1026\" data-end=\"1113\">Uppmuntra leverant\u00f6rer och partners att vidta milj\u00f6v\u00e4nliga och h\u00e5llbara \u00e5tg\u00e4rder<\/p>\n<\/li>\n<li data-start=\"1114\" data-end=\"1168\">\n<p data-start=\"1116\" data-end=\"1168\">Kontinuerligt utv\u00e4rdera och f\u00f6rb\u00e4ttra v\u00e5rt milj\u00f6arbete<\/p>\n<\/li>\n<\/ul>\t\t\t\t\t\t<\/div>\n\t\t\t\t<\/div>\n\t\t\t\t<\/div>\n\t\t<div class=\"elementor-element elementor-element-7c3e650 e-con-full e-flex e-con e-child\" data-id=\"7c3e650\" data-element_type=\"container\">\n\t\t\t\t<div class=\"elementor-element elementor-element-ddc6563 elementor-widget elementor-widget-image\" data-id=\"ddc6563\" data-element_type=\"widget\" data-widget_type=\"image.default\">\n\t\t\t\t<div class=\"elementor-widget-container\">\n\t\t\t<style>\/*! elementor - v3.23.0 - 05-08-2024 *\/\n.elementor-widget-image{text-align:center}.elementor-widget-image a{display:inline-block}.elementor-widget-image a img[src$=\".svg\"]{width:48px}.elementor-widget-image img{vertical-align:middle;display:inline-block}<\/style>\t\t\t\t\t\t\t\t\t\t<img fetchpriority=\"high\" decoding=\"async\" width=\"800\" height=\"534\" src=\"\/wp-content\/uploads\/2025\/12\/shutterstock_2660618053-1024x683.jpg\" class=\"attachment-large size-large wp-image-8472\" alt=\"\" srcset=\"\/wp-content\/uploads\/2025\/12\/shutterstock_2660618053-1024x683.jpg 1024w, \/wp-content\/uploads\/2025\/12\/shutterstock_2660618053-300x200.jpg 300w, \/wp-content\/uploads\/2025\/12\/shutterstock_2660618053-768x512.jpg 768w, \/wp-content\/uploads\/2025\/12\/shutterstock_2660618053-1536x1024.jpg 1536w, \/wp-content\/uploads\/2025\/12\/shutterstock_2660618053-2048x1365.jpg 2048w, \/wp-content\/uploads\/2025\/12\/shutterstock_2660618053-18x12.jpg 18w, \/wp-content\/uploads\/2025\/12\/shutterstock_2660618053-600x400.jpg 600w\" sizes=\"(max-width: 800px) 100vw, 800px\" \/>\t\t\t\t\t\t\t\t\t\t\t\t\t<\/div>\n\t\t\t\t<\/div>\n\t\t\t\t<\/div>\n\t\t\t\t\t<\/div>\n\t\t\t\t<\/div>\n\t\t<div class=\"elementor-element elementor-element-93e99f4 e-flex e-con-boxed e-con e-parent\" data-id=\"93e99f4\" data-element_type=\"container\">\n\t\t\t\t\t<div class=\"e-con-inner\">\n\t\t\t\t<div class=\"elementor-element elementor-element-4010298 elementor-widget elementor-widget-spacer\" data-id=\"4010298\" data-element_type=\"widget\" data-widget_type=\"spacer.default\">\n\t\t\t\t<div class=\"elementor-widget-container\">\n\t\t\t\t\t<div class=\"elementor-spacer\">\n\t\t\t<div class=\"elementor-spacer-inner\"><\/div>\n\t\t<\/div>\n\t\t\t\t<\/div>\n\t\t\t\t<\/div>\n\t\t\t\t\t<\/div>\n\t\t\t\t<\/div>\n\t\t<div class=\"elementor-element elementor-element-c2a2388 e-flex e-con-boxed e-con e-parent\" data-id=\"c2a2388\" data-element_type=\"container\">\n\t\t\t\t\t<div class=\"e-con-inner\">\n\t\t<div class=\"elementor-element elementor-element-cd478b9 e-con-full e-flex e-con e-child\" data-id=\"cd478b9\" data-element_type=\"container\">\n\t\t\t\t<div class=\"elementor-element elementor-element-1fbc102 elementor-widget elementor-widget-image\" data-id=\"1fbc102\" data-element_type=\"widget\" data-widget_type=\"image.default\">\n\t\t\t\t<div class=\"elementor-widget-container\">\n\t\t\t\t\t\t\t\t\t\t\t\t\t<img decoding=\"async\" width=\"800\" height=\"534\" src=\"\/wp-content\/uploads\/2025\/12\/shutterstock_2512582345-1024x683.jpg\" class=\"attachment-large size-large wp-image-8469\" alt=\"\" srcset=\"\/wp-content\/uploads\/2025\/12\/shutterstock_2512582345-1024x683.jpg 1024w, \/wp-content\/uploads\/2025\/12\/shutterstock_2512582345-300x200.jpg 300w, \/wp-content\/uploads\/2025\/12\/shutterstock_2512582345-768x512.jpg 768w, \/wp-content\/uploads\/2025\/12\/shutterstock_2512582345-1536x1025.jpg 1536w, \/wp-content\/uploads\/2025\/12\/shutterstock_2512582345-2048x1366.jpg 2048w, \/wp-content\/uploads\/2025\/12\/shutterstock_2512582345-18x12.jpg 18w, \/wp-content\/uploads\/2025\/12\/shutterstock_2512582345-600x400.jpg 600w\" sizes=\"(max-width: 800px) 100vw, 800px\" \/>\t\t\t\t\t\t\t\t\t\t\t\t\t<\/div>\n\t\t\t\t<\/div>\n\t\t\t\t<\/div>\n\t\t<div class=\"elementor-element elementor-element-4c31173 e-con-full e-flex e-con e-child\" data-id=\"4c31173\" data-element_type=\"container\">\n\t\t\t\t<div class=\"elementor-element elementor-element-d2547f0 elementor-hidden-desktop elementor-hidden-tablet elementor-widget elementor-widget-spacer\" data-id=\"d2547f0\" data-element_type=\"widget\" data-widget_type=\"spacer.default\">\n\t\t\t\t<div class=\"elementor-widget-container\">\n\t\t\t\t\t<div class=\"elementor-spacer\">\n\t\t\t<div class=\"elementor-spacer-inner\"><\/div>\n\t\t<\/div>\n\t\t\t\t<\/div>\n\t\t\t\t<\/div>\n\t\t\t\t<div class=\"elementor-element elementor-element-efd512e elementor-widget elementor-widget-text-editor\" data-id=\"efd512e\" data-element_type=\"widget\" data-widget_type=\"text-editor.default\">\n\t\t\t\t<div class=\"elementor-widget-container\">\n\t\t\t\t\t\t\t<h4><strong>Vad vi uppn\u00e5dde 2024<\/strong><\/h4><p data-start=\"1197\" data-end=\"1274\">Under 2024 genomf\u00f6rde vi flera specifika \u00e5tg\u00e4rder som har gett goda resultat:<\/p><ul data-start=\"1276\" data-end=\"1648\"><li data-start=\"1276\" data-end=\"1362\"><p data-start=\"1278\" data-end=\"1362\">Energif\u00f6rbrukningen har minskat betydligt och ligger nu l\u00e5ngt under de m\u00e5l vi satt upp f\u00f6r oss sj\u00e4lva<\/p><\/li><li data-start=\"1363\" data-end=\"1471\"><p data-start=\"1365\" data-end=\"1471\">Avfallsm\u00e4ngden har minskat samtidigt som vi har beh\u00e5llit en h\u00f6g andel milj\u00f6certifierade leverant\u00f6rer<\/p><\/li><li data-start=\"1472\" data-end=\"1550\"><p data-start=\"1474\" data-end=\"1550\">Vi har etablerat b\u00e4ttre l\u00f6sningar f\u00f6r k\u00e4llsortering p\u00e5 b\u00e5de kontor och lager<\/p><\/li><li data-start=\"1551\" data-end=\"1648\"><p data-start=\"1553\" data-end=\"1648\">Transportutsl\u00e4ppen har minskat genom \u00f6kad anv\u00e4ndning av elbilar och b\u00e4ttre planering av logistiken<\/p><\/li><\/ul><p data-start=\"1650\" data-end=\"1769\">Dessa \u00e5tg\u00e4rder \u00e4r en del av v\u00e5rt l\u00e5ngsiktiga engagemang f\u00f6r h\u00e5llbarhet, och vi ser redan tydliga resultat av v\u00e5ra anstr\u00e4ngningar.<\/p>\t\t\t\t\t\t<\/div>\n\t\t\t\t<\/div>\n\t\t\t\t<\/div>\n\t\t\t\t\t<\/div>\n\t\t\t\t<\/div>\n\t\t<div class=\"elementor-element elementor-element-e59f33b elementor-hidden-desktop elementor-hidden-tablet elementor-hidden-mobile e-flex e-con-boxed e-con e-parent\" data-id=\"e59f33b\" data-element_type=\"container\">\n\t\t\t\t\t<div class=\"e-con-inner\">\n\t\t\t\t<div class=\"elementor-element elementor-element-d3a4d6f elementor-widget elementor-widget-spacer\" data-id=\"d3a4d6f\" data-element_type=\"widget\" data-widget_type=\"spacer.default\">\n\t\t\t\t<div class=\"elementor-widget-container\">\n\t\t\t\t\t<div class=\"elementor-spacer\">\n\t\t\t<div class=\"elementor-spacer-inner\"><\/div>\n\t\t<\/div>\n\t\t\t\t<\/div>\n\t\t\t\t<\/div>\n\t\t\t\t\t<\/div>\n\t\t\t\t<\/div>\n\t\t<div class=\"elementor-element elementor-element-d7da99a elementor-hidden-desktop elementor-hidden-tablet elementor-hidden-mobile e-flex e-con-boxed e-con e-parent\" data-id=\"d7da99a\" data-element_type=\"container\">\n\t\t\t\t\t<div class=\"e-con-inner\">\n\t\t<div class=\"elementor-element elementor-element-0bf3b98 e-con-full e-flex e-con e-child\" data-id=\"0bf3b98\" data-element_type=\"container\">\n\t\t\t\t<div class=\"elementor-element elementor-element-815acf0 elementor-widget elementor-widget-text-editor\" data-id=\"815acf0\" data-element_type=\"widget\" data-widget_type=\"text-editor.default\">\n\t\t\t\t<div class=\"elementor-widget-container\">\n\t\t\t\t\t\t\t<h4 data-start=\"1771\" data-end=\"1795\"><strong>Fortsatt arbete under 2025<\/strong><\/h4><p data-start=\"1796\" data-end=\"1903\">Arbetet med milj\u00f6 och h\u00e5llbarhet kommer att forts\u00e4tta under 2025. Bland de \u00e5tg\u00e4rder som har initierats eller planeras kan n\u00e4mnas:<\/p><ul data-start=\"1905\" data-end=\"2326\"><li data-start=\"1905\" data-end=\"1986\"><p data-start=\"1907\" data-end=\"1986\">Ytterligare minskning av energif\u00f6rbrukningen genom smartare f\u00f6rvaltning och effektivitetsf\u00f6rb\u00e4ttringar<\/p><\/li><li data-start=\"1987\" data-end=\"2086\"><p data-start=\"1989\" data-end=\"2086\">Planerad installation av LED-belysning i alla lokaler f\u00f6r att ytterligare minska energif\u00f6rbrukningen<\/p><\/li><li data-start=\"2087\" data-end=\"2245\"><p data-start=\"2089\" data-end=\"2245\">Fortsatt utveckling av arbetet med den cirkul\u00e4ra ekonomin, inklusive \u00f6kad anv\u00e4ndning av \u00e5tervunnen plast i f\u00f6rpackningar och utveckling av milj\u00f6m\u00e4rkta produkter<\/p><\/li><li data-start=\"2246\" data-end=\"2326\"><p data-start=\"2248\" data-end=\"2326\">N\u00e4rmare samarbete med transport\u00f6rer f\u00f6r att minska utsl\u00e4ppen fr\u00e5n godstransporter<\/p><\/li><\/ul>\t\t\t\t\t\t<\/div>\n\t\t\t\t<\/div>\n\t\t\t\t<\/div>\n\t\t<div class=\"elementor-element elementor-element-3dd3296 e-con-full e-flex e-con e-child\" data-id=\"3dd3296\" data-element_type=\"container\">\n\t\t\t\t<div class=\"elementor-element elementor-element-85bcfa2 elementor-widget elementor-widget-image\" data-id=\"85bcfa2\" data-element_type=\"widget\" data-widget_type=\"image.default\">\n\t\t\t\t<div class=\"elementor-widget-container\">\n\t\t\t\t\t\t\t\t\t\t\t\t\t<img decoding=\"async\" width=\"800\" height=\"400\" src=\"\/wp-content\/uploads\/2025\/12\/shutterstock_2463489939-1024x512.jpg\" class=\"attachment-large size-large wp-image-8468\" alt=\"\" srcset=\"\/wp-content\/uploads\/2025\/12\/shutterstock_2463489939-1024x512.jpg 1024w, \/wp-content\/uploads\/2025\/12\/shutterstock_2463489939-300x150.jpg 300w, \/wp-content\/uploads\/2025\/12\/shutterstock_2463489939-768x384.jpg 768w, \/wp-content\/uploads\/2025\/12\/shutterstock_2463489939-1536x768.jpg 1536w, \/wp-content\/uploads\/2025\/12\/shutterstock_2463489939-2048x1024.jpg 2048w, \/wp-content\/uploads\/2025\/12\/shutterstock_2463489939-18x9.jpg 18w, \/wp-content\/uploads\/2025\/12\/shutterstock_2463489939-600x300.jpg 600w\" sizes=\"(max-width: 800px) 100vw, 800px\" \/>\t\t\t\t\t\t\t\t\t\t\t\t\t<\/div>\n\t\t\t\t<\/div>\n\t\t\t\t<\/div>\n\t\t\t\t\t<\/div>\n\t\t\t\t<\/div>\n\t\t<div class=\"elementor-element elementor-element-2ade670 e-flex e-con-boxed e-con e-parent\" data-id=\"2ade670\" data-element_type=\"container\">\n\t\t\t\t\t<div class=\"e-con-inner\">\n\t\t\t\t<div class=\"elementor-element elementor-element-498f11b elementor-widget elementor-widget-spacer\" data-id=\"498f11b\" data-element_type=\"widget\" data-widget_type=\"spacer.default\">\n\t\t\t\t<div class=\"elementor-widget-container\">\n\t\t\t\t\t<div class=\"elementor-spacer\">\n\t\t\t<div class=\"elementor-spacer-inner\"><\/div>\n\t\t<\/div>\n\t\t\t\t<\/div>\n\t\t\t\t<\/div>\n\t\t\t\t\t<\/div>\n\t\t\t\t<\/div>\n\t\t<div class=\"elementor-element elementor-element-77752c2 e-flex e-con-boxed e-con e-parent\" data-id=\"77752c2\" data-element_type=\"container\">\n\t\t\t\t\t<div class=\"e-con-inner\">\n\t\t<div class=\"elementor-element elementor-element-5637221 e-con-full e-flex e-con e-child\" data-id=\"5637221\" data-element_type=\"container\">\n\t\t\t\t<div class=\"elementor-element elementor-element-58f7f4f elementor-widget elementor-widget-image\" data-id=\"58f7f4f\" data-element_type=\"widget\" data-widget_type=\"image.default\">\n\t\t\t\t<div class=\"elementor-widget-container\">\n\t\t\t\t\t\t\t\t\t\t\t\t\t<img loading=\"lazy\" decoding=\"async\" width=\"800\" height=\"450\" src=\"\/wp-content\/uploads\/2024\/07\/Banner-til-web-7-vi-er-sertifisert-1024x576.jpg\" class=\"attachment-large size-large wp-image-7347\" alt=\"\" srcset=\"\/wp-content\/uploads\/2024\/07\/Banner-til-web-7-vi-er-sertifisert-1024x576.jpg 1024w, \/wp-content\/uploads\/2024\/07\/Banner-til-web-7-vi-er-sertifisert-300x169.jpg 300w, \/wp-content\/uploads\/2024\/07\/Banner-til-web-7-vi-er-sertifisert-768x432.jpg 768w, \/wp-content\/uploads\/2024\/07\/Banner-til-web-7-vi-er-sertifisert-1536x864.jpg 1536w, \/wp-content\/uploads\/2024\/07\/Banner-til-web-7-vi-er-sertifisert-18x10.jpg 18w, \/wp-content\/uploads\/2024\/07\/Banner-til-web-7-vi-er-sertifisert-600x338.jpg 600w, \/wp-content\/uploads\/2024\/07\/Banner-til-web-7-vi-er-sertifisert.jpg 1920w\" sizes=\"(max-width: 800px) 100vw, 800px\" \/>\t\t\t\t\t\t\t\t\t\t\t\t\t<\/div>\n\t\t\t\t<\/div>\n\t\t\t\t<\/div>\n\t\t<div class=\"elementor-element elementor-element-544ea2b e-con-full e-flex e-con e-child\" data-id=\"544ea2b\" data-element_type=\"container\">\n\t\t\t\t<div class=\"elementor-element elementor-element-702d1ef elementor-hidden-desktop elementor-hidden-tablet elementor-widget elementor-widget-spacer\" data-id=\"702d1ef\" data-element_type=\"widget\" data-widget_type=\"spacer.default\">\n\t\t\t\t<div class=\"elementor-widget-container\">\n\t\t\t\t\t<div class=\"elementor-spacer\">\n\t\t\t<div class=\"elementor-spacer-inner\"><\/div>\n\t\t<\/div>\n\t\t\t\t<\/div>\n\t\t\t\t<\/div>\n\t\t\t\t<div class=\"elementor-element elementor-element-288a681 elementor-widget elementor-widget-text-editor\" data-id=\"288a681\" data-element_type=\"widget\" data-widget_type=\"text-editor.default\">\n\t\t\t\t<div class=\"elementor-widget-container\">\n\t\t\t\t\t\t\t<p><strong>Vi \u00e4r Eco-Lighthouse-certifierade!<\/strong><\/p><p>Det inneb\u00e4r att v\u00e5r verksamhet tar h\u00e5llbarhet p\u00e5 allvar och har uppfyllt strikta krav p\u00e5 arbetsmilj\u00f6, ink\u00f6p, energi, transporter, avfall, utsl\u00e4pp och estetik.<\/p><p>Vi \u00e4r stolta \u00f6ver att kunna meddela att vi har blivit certifierade som Eco-Lighthouse. Men vad inneb\u00e4r det egentligen? P\u00e5 Tj\u00e6ralin har vi alltid varit m\u00e5na om att vara ett f\u00f6retag som tar milj\u00f6n p\u00e5 allvar och vi har arbetat kontinuerligt med detta genom \u00e5ren. Genom att bli Eco-Lighthouse-certifierade f\u00e5r vi en \u00e4nnu b\u00e4ttre grund f\u00f6r att driva ett bra milj\u00f6ledningssystem. Certifieringen hj\u00e4lper oss att f\u00f6lja upp resultat p\u00e5 milj\u00f6p\u00e5verkan samtidigt som vi s\u00e4kerst\u00e4ller v\u00e4rdeskapande och gr\u00f6n tillv\u00e4xt!\u00a0<\/p>\t\t\t\t\t\t<\/div>\n\t\t\t\t<\/div>\n\t\t\t\t<\/div>\n\t\t\t\t\t<\/div>\n\t\t\t\t<\/div>\n\t\t<div class=\"elementor-element elementor-element-98d44e4 e-flex e-con-boxed e-con e-parent\" data-id=\"98d44e4\" data-element_type=\"container\">\n\t\t\t\t\t<div class=\"e-con-inner\">\n\t\t\t\t<div class=\"elementor-element elementor-element-5fc3eac elementor-widget elementor-widget-spacer\" data-id=\"5fc3eac\" data-element_type=\"widget\" data-widget_type=\"spacer.default\">\n\t\t\t\t<div class=\"elementor-widget-container\">\n\t\t\t\t\t<div class=\"elementor-spacer\">\n\t\t\t<div class=\"elementor-spacer-inner\"><\/div>\n\t\t<\/div>\n\t\t\t\t<\/div>\n\t\t\t\t<\/div>\n\t\t\t\t\t<\/div>\n\t\t\t\t<\/div>\n\t\t\t\t<\/div>","protected":false},"excerpt":{"rendered":"<p>B\u00e6rekraft og milj\u00f8 Milj\u00f8arbeid i Tj\u00e6ralin AS &#8211; Status og videre tiltak I l\u00f8pet av det siste \u00e5ret har Tj\u00e6ralin AS videref\u00f8rt og styrket sitt arbeid med b\u00e6rekraft og milj\u00f8vennlige l\u00f8sninger. M\u00e5let v\u00e5rt er \u00e5 redusere virksomhetens milj\u00f8p\u00e5virkning og bidra til en mer ansvarlig bruk av ressurser. Denne oversikten gir et bilde av status, resultater [&hellip;]<\/p>","protected":false},"author":5,"featured_media":0,"parent":0,"menu_order":0,"comment_status":"closed","ping_status":"closed","template":"","meta":{"footnotes":""},"class_list":["post-8464","page","type-page","status-publish","hentry"],"aioseo_notices":[],"_links":{"self":[{"href":"https:\/\/tjaralinwp.azurewebsites.net\/sv\/wp-json\/wp\/v2\/pages\/8464"}],"collection":[{"href":"https:\/\/tjaralinwp.azurewebsites.net\/sv\/wp-json\/wp\/v2\/pages"}],"about":[{"href":"https:\/\/tjaralinwp.azurewebsites.net\/sv\/wp-json\/wp\/v2\/types\/page"}],"author":[{"embeddable":true,"href":"https:\/\/tjaralinwp.azurewebsites.net\/sv\/wp-json\/wp\/v2\/users\/5"}],"replies":[{"embeddable":true,"href":"https:\/\/tjaralinwp.azurewebsites.net\/sv\/wp-json\/wp\/v2\/comments?post=8464"}],"version-history":[{"count":10,"href":"https:\/\/tjaralinwp.azurewebsites.net\/sv\/wp-json\/wp\/v2\/pages\/8464\/revisions"}],"predecessor-version":[{"id":8494,"href":"https:\/\/tjaralinwp.azurewebsites.net\/sv\/wp-json\/wp\/v2\/pages\/8464\/revisions\/8494"}],"wp:attachment":[{"href":"https:\/\/tjaralinwp.azurewebsites.net\/sv\/wp-json\/wp\/v2\/media?parent=8464"}],"curies":[{"name":"wp","href":"https:\/\/api.w.org\/{rel}","templated":true}]}}