{"id":5532,"date":"2024-03-23T09:40:28","date_gmt":"2024-03-23T08:40:28","guid":{"rendered":"https:\/\/tjaralinwp.azurewebsites.net\/farger-effektmaling\/tj0763\/"},"modified":"2024-03-23T09:40:28","modified_gmt":"2024-03-23T08:40:28","slug":"tj0763","status":"publish","type":"page","link":"https:\/\/www.tjaralin.one\/sv\/farger-effektfarg\/tj0763\/","title":{"rendered":"TJ0763 - Silverline 0763"},"content":{"rendered":"<div data-elementor-type=\"wp-page\" data-elementor-id=\"5532\" class=\"elementor elementor-5532\" data-elementor-post-type=\"page\">\n\t\t\t\t<div class=\"elementor-element elementor-element-1d228560 e-flex e-con-boxed e-con e-parent\" data-id=\"1d228560\" data-element_type=\"container\" data-settings=\"{&quot;background_background&quot;:&quot;classic&quot;}\">\n\t\t\t\t\t<div class=\"e-con-inner\">\n\t\t<div class=\"elementor-element elementor-element-2e5492ce e-flex e-con-boxed e-con e-child\" data-id=\"2e5492ce\" data-element_type=\"container\">\n\t\t\t\t\t<div class=\"e-con-inner\">\n\t\t\t\t<div class=\"elementor-element elementor-element-3e9dfb08 elementor-widget elementor-widget-heading\" data-id=\"3e9dfb08\" data-element_type=\"widget\" data-settings=\"{&quot;_animation&quot;:&quot;none&quot;}\" data-widget_type=\"heading.default\">\n\t\t\t\t<div class=\"elementor-widget-container\">\n\t\t\t<style>\/*! elementor - v3.23.0 - 05-08-2024 *\/\n.elementor-heading-title{padding:0;margin:0;line-height:1}.elementor-widget-heading .elementor-heading-title[class*=elementor-size-]>a{color:inherit;font-size:inherit;line-height:inherit}.elementor-widget-heading .elementor-heading-title.elementor-size-small{font-size:15px}.elementor-widget-heading .elementor-heading-title.elementor-size-medium{font-size:19px}.elementor-widget-heading .elementor-heading-title.elementor-size-large{font-size:29px}.elementor-widget-heading .elementor-heading-title.elementor-size-xl{font-size:39px}.elementor-widget-heading .elementor-heading-title.elementor-size-xxl{font-size:59px}<\/style><h1 class=\"elementor-heading-title elementor-size-default\">Silverline 0763<\/h1>\t\t<\/div>\n\t\t\t\t<\/div>\n\t\t\t\t\t<\/div>\n\t\t\t\t<\/div>\n\t\t\t\t\t<\/div>\n\t\t\t\t<\/div>\n\t\t<div class=\"elementor-element elementor-element-e6628ef e-flex e-con-boxed e-con e-parent\" data-id=\"e6628ef\" data-element_type=\"container\">\n\t\t\t\t\t<div class=\"e-con-inner\">\n\t\t\t\t<div class=\"elementor-element elementor-element-c8bce4d elementor-widget elementor-widget-spacer\" data-id=\"c8bce4d\" data-element_type=\"widget\" data-widget_type=\"spacer.default\">\n\t\t\t\t<div class=\"elementor-widget-container\">\n\t\t\t<style>\/*! elementor - v3.23.0 - 05-08-2024 *\/\n.elementor-column .elementor-spacer-inner{height:var(--spacer-size)}.e-con{--container-widget-width:100%}.e-con-inner>.elementor-widget-spacer,.e-con>.elementor-widget-spacer{width:var(--container-widget-width,var(--spacer-size));--align-self:var(--container-widget-align-self,initial);--flex-shrink:0}.e-con-inner>.elementor-widget-spacer>.elementor-widget-container,.e-con>.elementor-widget-spacer>.elementor-widget-container{height:100%;width:100%}.e-con-inner>.elementor-widget-spacer>.elementor-widget-container>.elementor-spacer,.e-con>.elementor-widget-spacer>.elementor-widget-container>.elementor-spacer{height:100%}.e-con-inner>.elementor-widget-spacer>.elementor-widget-container>.elementor-spacer>.elementor-spacer-inner,.e-con>.elementor-widget-spacer>.elementor-widget-container>.elementor-spacer>.elementor-spacer-inner{height:var(--container-widget-height,var(--spacer-size))}.e-con-inner>.elementor-widget-spacer.elementor-widget-empty,.e-con>.elementor-widget-spacer.elementor-widget-empty{position:relative;min-height:22px;min-width:22px}.e-con-inner>.elementor-widget-spacer.elementor-widget-empty .elementor-widget-empty-icon,.e-con>.elementor-widget-spacer.elementor-widget-empty .elementor-widget-empty-icon{position:absolute;top:0;bottom:0;left:0;right:0;margin:auto;padding:0;width:22px;height:22px}<\/style>\t\t<div class=\"elementor-spacer\">\n\t\t\t<div class=\"elementor-spacer-inner\"><\/div>\n\t\t<\/div>\n\t\t\t\t<\/div>\n\t\t\t\t<\/div>\n\t\t\t\t\t<\/div>\n\t\t\t\t<\/div>\n\t\t<div class=\"elementor-element elementor-element-443f40c e-flex e-con-boxed e-con e-parent\" data-id=\"443f40c\" data-element_type=\"container\">\n\t\t\t\t\t<div class=\"e-con-inner\">\n\t\t<div class=\"elementor-element elementor-element-ee692c2 e-con-full e-flex e-con e-child\" data-id=\"ee692c2\" data-element_type=\"container\">\n\t\t\t\t<div class=\"elementor-element elementor-element-7de9193 elementor-widget elementor-widget-text-editor\" data-id=\"7de9193\" data-element_type=\"widget\" data-widget_type=\"text-editor.default\">\n\t\t\t\t<div class=\"elementor-widget-container\">\n\t\t\t<style>\/*! elementor - v3.23.0 - 05-08-2024 *\/\n.elementor-widget-text-editor.elementor-drop-cap-view-stacked .elementor-drop-cap{background-color:#69727d;color:#fff}.elementor-widget-text-editor.elementor-drop-cap-view-framed .elementor-drop-cap{color:#69727d;border:3px solid;background-color:transparent}.elementor-widget-text-editor:not(.elementor-drop-cap-view-default) .elementor-drop-cap{margin-top:8px}.elementor-widget-text-editor:not(.elementor-drop-cap-view-default) .elementor-drop-cap-letter{width:1em;height:1em}.elementor-widget-text-editor .elementor-drop-cap{float:left;text-align:center;line-height:1;font-size:50px}.elementor-widget-text-editor .elementor-drop-cap-letter{display:inline-block}<\/style>\t\t\t\t<p><p><strong>Marcopolo Silverline 0763<\/strong> har en bl\u00e5\/lila underton som lyser igenom. Det \u00e4r en fantastisk f\u00e4rg f\u00f6r ett barnrum. Med den h\u00e4r f\u00e4rgen kan du leka med massor av olika bl\u00e5 och gr\u00e5tonade textilier.<\/p><p>\u00a0<\/p><h4>H\u00e4r kan du se hur man m\u00e5lar med Marcopolo<\/h4><p><iframe src=\"\/\/www.youtube.com\/embed\/Yr7JWRJ-n84\" width=\"425\" height=\"350\"><\/iframe><\/p><\/p>\t\t\t\t\t\t<\/div>\n\t\t\t\t<\/div>\n\t\t\t\t<\/div>\n\t\t<div class=\"elementor-element elementor-element-0ec7354 e-con-full e-flex e-con e-child\" data-id=\"0ec7354\" data-element_type=\"container\" id=\"test123\">\n\t\t\t\t<div class=\"elementor-element elementor-element-a076337 colorimage elementor-widget elementor-widget-image\" data-id=\"a076337\" data-element_type=\"widget\" id=\"#c5d3d6\" hexcode=\"#c5d3d6\" data-widget_type=\"image.default\">\n\t\t\t\t<div class=\"elementor-widget-container\">\n\t\t\t<style>\/*! elementor - v3.23.0 - 05-08-2024 *\/\n.elementor-widget-image{text-align:center}.elementor-widget-image a{display:inline-block}.elementor-widget-image a img[src$=\".svg\"]{width:48px}.elementor-widget-image img{vertical-align:middle;display:inline-block}<\/style>\t\t\t\t\t\t\t\t\t\t\t<a href=\"\" hexcode=\"#c5d3d6\" id=\"linkColorcode\">\n\t\t\t\t\t\t\t<img decoding=\"async\" src=\"\/wp-content\/uploads\/colorimages\/18-10-2018_924.jpg\" title=\"\" alt=\"\" loading=\"lazy\" \/>\t\t\t\t\t\t\t\t<\/a>\n\t\t\t\t\t\t\t\t\t\t\t\t\t<\/div>\n\t\t\t\t<\/div>\n\t\t\t\t<\/div>\n\t\t\t\t\t<\/div>\n\t\t\t\t<\/div>\n\t\t<div class=\"elementor-element elementor-element-c7ad2e4 e-flex e-con-boxed e-con e-parent\" data-id=\"c7ad2e4\" data-element_type=\"container\">\n\t\t\t\t\t<div class=\"e-con-inner\">\n\t\t<div class=\"elementor-element elementor-element-c5fb1c2 e-flex e-con-boxed e-con e-child\" data-id=\"c5fb1c2\" data-element_type=\"container\">\n\t\t\t\t\t<div class=\"e-con-inner\">\n\t\t\t\t<div class=\"elementor-element elementor-element-164ed98 elementor-widget elementor-widget-spacer\" data-id=\"164ed98\" data-element_type=\"widget\" data-widget_type=\"spacer.default\">\n\t\t\t\t<div class=\"elementor-widget-container\">\n\t\t\t\t\t<div class=\"elementor-spacer\">\n\t\t\t<div class=\"elementor-spacer-inner\"><\/div>\n\t\t<\/div>\n\t\t\t\t<\/div>\n\t\t\t\t<\/div>\n\t\t\t\t\t<\/div>\n\t\t\t\t<\/div>\n\t\t\t\t\t<\/div>\n\t\t\t\t<\/div>\n\t\t<div class=\"elementor-element elementor-element-8fb21eb e-flex e-con-boxed e-con e-parent\" data-id=\"8fb21eb\" data-element_type=\"container\">\n\t\t\t\t\t<div class=\"e-con-inner\">\n\t\t<div class=\"elementor-element elementor-element-2743a7a e-flex e-con-boxed e-con e-child\" data-id=\"2743a7a\" data-element_type=\"container\">\n\t\t\t\t\t<div class=\"e-con-inner\">\n\t\t<div class=\"elementor-element elementor-element-7794fc5 e-flex e-con-boxed e-con e-child\" data-id=\"7794fc5\" data-element_type=\"container\">\n\t\t\t\t\t<div class=\"e-con-inner\">\n\t\t\t\t<div class=\"elementor-element elementor-element-d5e27b0 elementor-widget elementor-widget-eael-creative-button\" data-id=\"d5e27b0\" data-element_type=\"widget\" data-widget_type=\"eael-creative-button.default\">\n\t\t\t\t<div class=\"elementor-widget-container\">\n\t\t\t        <div class=\"eael-creative-button-wrapper\">\n\n            <a class=\"eael-creative-button eael-creative-button--default\" href=\"https:\/\/www.tjaralin.one\/sv\/fargkarta\/\" data-text=\"\">\n\n\t    \n                <div class=\"creative-button-inner\">\n\n                    \n                    <span class=\"cretive-button-text\">Se v\u00e5ra f\u00e4rgkartor<\/span>\n\n                                    <\/div>\n\t                        <\/a>\n        <\/div>\n\t\t<\/div>\n\t\t\t\t<\/div>\n\t\t<div class=\"elementor-element elementor-element-093f815 e-con-full e-flex e-con e-child\" data-id=\"093f815\" data-element_type=\"container\">\n\t\t\t\t<div class=\"elementor-element elementor-element-1beb378 elementor-widget elementor-widget-eael-creative-button\" data-id=\"1beb378\" data-element_type=\"widget\" data-widget_type=\"eael-creative-button.default\">\n\t\t\t\t<div class=\"elementor-widget-container\">\n\t\t\t        <div class=\"eael-creative-button-wrapper\">\n\n            <a class=\"eael-creative-button eael-creative-button--default\" href=\"https:\/\/www.tjaralin.one\/sv\/hitta-en-aterforsaljare\/\" data-text=\"\">\n\n\t    \n                <div class=\"creative-button-inner\">\n\n                    \n                    <span class=\"cretive-button-text\">Hitta \u00e5terf\u00f6rs\u00e4ljare<\/span>\n\n                                    <\/div>\n\t                        <\/a>\n        <\/div>\n\t\t<\/div>\n\t\t\t\t<\/div>\n\t\t\t\t<\/div>\n\t\t\t\t<div class=\"elementor-element elementor-element-67bcc0e elementor-widget elementor-widget-spacer\" data-id=\"67bcc0e\" data-element_type=\"widget\" data-widget_type=\"spacer.default\">\n\t\t\t\t<div class=\"elementor-widget-container\">\n\t\t\t\t\t<div class=\"elementor-spacer\">\n\t\t\t<div class=\"elementor-spacer-inner\"><\/div>\n\t\t<\/div>\n\t\t\t\t<\/div>\n\t\t\t\t<\/div>\n\t\t\t\t\t<\/div>\n\t\t\t\t<\/div>\n\t\t\t\t\t<\/div>\n\t\t\t\t<\/div>\n\t\t\t\t\t<\/div>\n\t\t\t\t<\/div>\n\t\t<div class=\"elementor-element elementor-element-7f28980 e-flex e-con-boxed e-con e-parent\" data-id=\"7f28980\" data-element_type=\"container\">\n\t\t\t\t\t<div class=\"e-con-inner\">\n\t\t<div class=\"elementor-element elementor-element-e9d3f2d e-flex e-con-boxed e-con e-child\" data-id=\"e9d3f2d\" data-element_type=\"container\">\n\t\t\t\t\t<div class=\"e-con-inner\">\n\t\t\t\t<div class=\"elementor-element elementor-element-457b1aa elementor-widget elementor-widget-spacer\" data-id=\"457b1aa\" data-element_type=\"widget\" data-widget_type=\"spacer.default\">\n\t\t\t\t<div class=\"elementor-widget-container\">\n\t\t\t\t\t<div class=\"elementor-spacer\">\n\t\t\t<div class=\"elementor-spacer-inner\"><\/div>\n\t\t<\/div>\n\t\t\t\t<\/div>\n\t\t\t\t<\/div>\n\t\t\t\t\t<\/div>\n\t\t\t\t<\/div>\n\t\t\t\t\t<\/div>\n\t\t\t\t<\/div>\n\t\t\t\t<\/div>","protected":false},"excerpt":{"rendered":"<p>Silverline 0763 Marcopolo Silverline 0763 har en bl\u00e5\/lila underton som lyser igenom. Det \u00e4r en fantastisk kul\u00f6r f\u00f6r barnrummet. Med den h\u00e4r kul\u00f6ren kan du leka med massor av olika bl\u00e5 och gr\u00e5tonade textilier.   H\u00e4r kan du se hur du m\u00e5lar med Marcopolo Se v\u00e5ra f\u00e4rgkartor Hitta en \u00e5terf\u00f6rs\u00e4ljare<\/p>","protected":false},"author":1,"featured_media":0,"parent":3862,"menu_order":0,"comment_status":"closed","ping_status":"closed","template":"","meta":{"footnotes":""},"class_list":["post-5532","page","type-page","status-publish","hentry"],"aioseo_notices":[],"_links":{"self":[{"href":"https:\/\/www.tjaralin.one\/sv\/wp-json\/wp\/v2\/pages\/5532"}],"collection":[{"href":"https:\/\/www.tjaralin.one\/sv\/wp-json\/wp\/v2\/pages"}],"about":[{"href":"https:\/\/www.tjaralin.one\/sv\/wp-json\/wp\/v2\/types\/page"}],"author":[{"embeddable":true,"href":"https:\/\/www.tjaralin.one\/sv\/wp-json\/wp\/v2\/users\/1"}],"replies":[{"embeddable":true,"href":"https:\/\/www.tjaralin.one\/sv\/wp-json\/wp\/v2\/comments?post=5532"}],"version-history":[{"count":1,"href":"https:\/\/www.tjaralin.one\/sv\/wp-json\/wp\/v2\/pages\/5532\/revisions"}],"predecessor-version":[{"id":5996,"href":"https:\/\/www.tjaralin.one\/sv\/wp-json\/wp\/v2\/pages\/5532\/revisions\/5996"}],"up":[{"embeddable":true,"href":"https:\/\/www.tjaralin.one\/sv\/wp-json\/wp\/v2\/pages\/3862"}],"wp:attachment":[{"href":"https:\/\/www.tjaralin.one\/sv\/wp-json\/wp\/v2\/media?parent=5532"}],"curies":[{"name":"wp","href":"https:\/\/api.w.org\/{rel}","templated":true}]}}