{"id":1867,"date":"2023-10-04T15:03:10","date_gmt":"2023-10-04T13:03:10","guid":{"rendered":"https:\/\/tjaralinwp.azurewebsites.net\/?page_id=1867"},"modified":"2024-03-21T20:26:52","modified_gmt":"2024-03-21T19:26:52","slug":"informasjonskapsler","status":"publish","type":"page","link":"https:\/\/tjaralinwp.azurewebsites.net\/sv\/kakor\/","title":{"rendered":"Information om cookies"},"content":{"rendered":"<div data-elementor-type=\"wp-page\" data-elementor-id=\"1867\" class=\"elementor elementor-1867\" data-elementor-post-type=\"page\">\n\t\t\t\t<div class=\"elementor-element elementor-element-b28170f e-flex e-con-boxed e-con e-parent\" data-id=\"b28170f\" data-element_type=\"container\">\n\t\t\t\t\t<div class=\"e-con-inner\">\n\t\t\t\t<div class=\"elementor-element elementor-element-885be14 elementor-widget elementor-widget-heading\" data-id=\"885be14\" data-element_type=\"widget\" data-widget_type=\"heading.default\">\n\t\t\t\t<div class=\"elementor-widget-container\">\n\t\t\t<style>\/*! elementor - v3.23.0 - 05-08-2024 *\/\n.elementor-heading-title{padding:0;margin:0;line-height:1}.elementor-widget-heading .elementor-heading-title[class*=elementor-size-]>a{color:inherit;font-size:inherit;line-height:inherit}.elementor-widget-heading .elementor-heading-title.elementor-size-small{font-size:15px}.elementor-widget-heading .elementor-heading-title.elementor-size-medium{font-size:19px}.elementor-widget-heading .elementor-heading-title.elementor-size-large{font-size:29px}.elementor-widget-heading .elementor-heading-title.elementor-size-xl{font-size:39px}.elementor-widget-heading .elementor-heading-title.elementor-size-xxl{font-size:59px}<\/style><h2 class=\"elementor-heading-title elementor-size-default\">Sekretesspolicy | Cookies<\/h2>\t\t<\/div>\n\t\t\t\t<\/div>\n\t\t\t\t\t<\/div>\n\t\t\t\t<\/div>\n\t\t<div class=\"elementor-element elementor-element-95844c3 e-flex e-con-boxed e-con e-parent\" data-id=\"95844c3\" data-element_type=\"container\">\n\t\t\t\t\t<div class=\"e-con-inner\">\n\t\t\t\t<div class=\"elementor-element elementor-element-69d841e elementor-widget elementor-widget-text-editor\" data-id=\"69d841e\" data-element_type=\"widget\" data-widget_type=\"text-editor.default\">\n\t\t\t\t<div class=\"elementor-widget-container\">\n\t\t\t<style>\/*! elementor - v3.23.0 - 05-08-2024 *\/\n.elementor-widget-text-editor.elementor-drop-cap-view-stacked .elementor-drop-cap{background-color:#69727d;color:#fff}.elementor-widget-text-editor.elementor-drop-cap-view-framed .elementor-drop-cap{color:#69727d;border:3px solid;background-color:transparent}.elementor-widget-text-editor:not(.elementor-drop-cap-view-default) .elementor-drop-cap{margin-top:8px}.elementor-widget-text-editor:not(.elementor-drop-cap-view-default) .elementor-drop-cap-letter{width:1em;height:1em}.elementor-widget-text-editor .elementor-drop-cap{float:left;text-align:center;line-height:1;font-size:50px}.elementor-widget-text-editor .elementor-drop-cap-letter{display:inline-block}<\/style>\t\t\t\t<h1 class=\"privacy-policy-h1\">Integritetspolicy<\/h1><p><b>Senast uppdaterad den 18 mars 2024<br \/>| Ikrafttr\u00e4dande 18 mars 2024<\/b><\/p><p class=\"privacy-policy-p\">Denna integritetspolicy beskriver policyn f\u00f6r<\/p><p>Tj\u00e6ralin AS,<br \/>Dynamitveien 24,<br \/>SKI<br \/>1400,<br \/>Norge,<br \/>E-post: tjaralin@tjaralin.no,<br \/>telefon: 004795041100<\/p><p>avseende insamling,<br \/>anv\u00e4ndning och utl\u00e4mnande av din information som vi samlar in<br \/>n\u00e4r du anv\u00e4nder v\u00e5r webbplats (https:\/\/tjaralinwp.azurewebsites.net).<br \/>(\"Tj\u00e4nsten\"). Genom att g\u00e5 in p\u00e5 eller anv\u00e4nda<br \/>Tj\u00e4nsten samtycker du till insamling, anv\u00e4ndning och<br \/>utl\u00e4mnande av dina uppgifter i enlighet med detta<br \/>integritetspolicy. Om du inte samtycker till detta,<br \/>ska du inte g\u00e5 in p\u00e5 eller anv\u00e4nda Tj\u00e4nsten.<\/p><p class=\"privacy-policy-p\">Vi kan \u00e4ndra denna integritetspolicy n\u00e4r som helst utan<br \/>f\u00f6rhandsmeddelande till dig, och kommer att publicera den reviderade<br \/>integritetspolicy f\u00f6r Tj\u00e4nsten. Den reviderade<br \/>kommer att tr\u00e4da i kraft 180 dagar efter det att<br \/>reviderad policy publiceras p\u00e5 Tj\u00e4nsten, och din<br \/>fortsatt \u00e5tkomst till eller anv\u00e4ndning av Tj\u00e4nsten efter denna tidpunkt<br \/>kommer att utg\u00f6ra ditt godk\u00e4nnande av den reviderade Integritetspolicyn. Vi<br \/>rekommenderar d\u00e4rf\u00f6r att du regelbundet granskar denna sida.<\/p><ol class=\"privacy-policy-ol\"><li><h2 class=\"privacy-policy-h2\">Information som vi samlar in:<\/h2><p class=\"privacy-policy-p\">Vi kan samla in och behandla f\u00f6ljande<br \/>personuppgifter om dig:<\/p><ol class=\"privacy-policy-ol\"><li>Namn<\/li><li>E-post<\/li><li>Mobiltelefon<\/li><li>Adress<\/li><\/ol><\/li><li><h2 class=\"privacy-policy-h2\">Hur vi anv\u00e4nder din information:<\/h2><p class=\"privacy-policy-p\">Vi kan anv\u00e4nda den information vi samlar in<br \/>om dig f\u00f6r f\u00f6ljande \u00e4ndam\u00e5l:<\/p><ol class=\"privacy-policy-ol\"><li>Marknadsf\u00f6ring\/ reklam<\/li><li>St\u00f6d<\/li><li>Konfliktl\u00f6sning<\/li><\/ol><p class=\"privacy-policy-p\">Om vi vill anv\u00e4nda dina uppgifter f\u00f6r n\u00e5got annat<br \/>\u00e4ndam\u00e5l kommer vi att be om ditt samtycke och kommer endast<br \/>anv\u00e4nda din information efter att ha mottagit din<br \/>samtycke, och d\u00e5 endast f\u00f6r<br \/>det eller de \u00e4ndam\u00e5l f\u00f6r vilka du har l\u00e4mnat ditt samtycke, s\u00e5vida vi inte \u00e4r skyldiga att g\u00f6ra det<br \/>annat f\u00f6ljer av lag.<\/p><\/li><li><h2 class=\"privacy-policy-h2\">Hur vi delar din information:<\/h2><p class=\"privacy-policy-p\">Vi kommer inte att \u00f6verf\u00f6ra dina personuppgifter<br \/>till tredje part utan att inh\u00e4mta ditt samtycke,<br \/>utom i begr\u00e4nsad omfattning<br \/>omst\u00e4ndigheter enligt beskrivningen<br \/>nedan:<\/p><ol class=\"privacy-policy-ol\"><li>Analys<\/li><\/ol><p class=\"privacy-policy-p\">Vi kr\u00e4ver att s\u00e5dana tredje parter anv\u00e4nder<br \/>personuppgifter som vi \u00f6verf\u00f6r till dem endast<br \/>f\u00f6r det \u00e4ndam\u00e5l f\u00f6r vilket det \u00f6verf\u00f6rdes, och inte<br \/>beh\u00e5lla den l\u00e4ngre \u00e4n n\u00f6dv\u00e4ndigt f\u00f6r att<br \/>uppfylla det ovann\u00e4mnda syftet.<\/p><p class=\"privacy-policy-p\">Vi kan ocks\u00e5 komma att l\u00e4mna ut dina personuppgifter<br \/>f\u00f6r f\u00f6ljande: (1) f\u00f6r att uppfylla till\u00e4mpliga<br \/>lag, f\u00f6rordning, domstolsbeslut<br \/>eller annan r\u00e4ttslig process, (2) f\u00f6r att genomdriva din<br \/>avtal med oss, inklusive denna sekretesspolicy; eller (3) f\u00f6r att svara p\u00e5<br \/>p\u00e5 anklagelser om att din anv\u00e4ndning av Tj\u00e4nsten bryter mot<br \/>tredje parts r\u00e4ttigheter. Om Tj\u00e4nsten eller v\u00e5r<br \/>f\u00f6retaget fusioneras eller f\u00f6rv\u00e4rvas av ett annat<br \/>f\u00f6retag kommer din information att vara en av<br \/>de tillg\u00e5ngar som \u00f6verf\u00f6rs till den nya \u00e4garen.<\/p><\/li><li><h2 class=\"privacy-policy-h2\">Lagring av dina uppgifter:<\/h2><p class=\"privacy-policy-p\">Vi kommer att beh\u00e5lla dina personuppgifter hos oss f\u00f6r<br \/>90 dagar till 2 \u00e5r efter att anv\u00e4ndarna har avslutat sina konton<br \/>eller s\u00e5 l\u00e4nge som vi beh\u00f6ver det f\u00f6r att uppfylla \u00e4ndam\u00e5len<br \/>f\u00f6r vilka den samlades in enligt vad som anges i denna<br \/>integritetspolicy. Vi kan beh\u00f6va lagra<br \/>viss information f\u00f6r l\u00e4ngre perioder, t.ex.<br \/>dokumentation\/rapportering i enlighet med<br \/>till\u00e4mplig lag eller andra legitima sk\u00e4l, t.ex. verkst\u00e4llighet<br \/>av juridiska r\u00e4ttigheter, bedr\u00e4geribek\u00e4mpning etc.<br \/>\u00c5terst\u00e5ende information och<br \/>aggregerad information, som inte identifierar dig<br \/>(direkt eller indirekt), f\u00e5r lagras p\u00e5 obest\u00e4md tid.<\/p><\/li><li><h2 class=\"privacy-policy-h2\">Dina r\u00e4ttigheter:<\/h2><p class=\"privacy-policy-p\">Beroende p\u00e5 till\u00e4mplig lag har du r\u00e4tt att<br \/>tillg\u00e5ng till och r\u00e4ttelse eller radering av dina<br \/>personuppgifter, f\u00e5 en kopia av dina personuppgifter,<br \/>begr\u00e4nsa eller protestera mot den aktiva<br \/>behandling av dina uppgifter, be oss att dela (\u00f6verf\u00f6ra) dina<br \/>personuppgifter till en annan enhet,<br \/>\u00e5terkalla eventuellt samtycke som du har gett oss<br \/>att behandla dina uppgifter, r\u00e4tten att klaga till en<br \/>myndigheter och s\u00e5dana andra r\u00e4ttigheter som kan vara<br \/>vara relevant enligt till\u00e4mplig lagstiftning. F\u00f6r att ut\u00f6va<br \/>dessa r\u00e4ttigheter kan du skriva till oss p\u00e5<br \/>tjaralin@tjaralin.no.<br \/>Vi kommer att besvara din f\u00f6rfr\u00e5gan i enlighet med<br \/>g\u00e4llande lagstiftning.<\/p><p class=\"privacy-policy-p\">Du kan v\u00e4lja att inte ta emot direkta<br \/>marknadskommunikation<br \/>eller den profilering vi utf\u00f6r f\u00f6r<br \/>marknadsf\u00f6rings\u00e4ndam\u00e5l genom att skriva till oss p\u00e5<br \/>tjaralin@tjaralin.no.<\/p><p class=\"privacy-policy-p\">Observera att om du inte till\u00e5ter oss att samla in<br \/>eller behandla de beg\u00e4rda personuppgifterna eller<br \/>\u00e5terkallar sitt samtycke till behandling f\u00f6r n\u00f6dv\u00e4ndiga<br \/>\u00e4ndam\u00e5l, f\u00e5r du inte komma \u00e5t eller anv\u00e4nda<br \/>de tj\u00e4nster f\u00f6r vilka din information beg\u00e4rdes.<\/p><\/li><li><h2 class=\"privacy-policy-h2\">Cookies etc.<\/h2><style>\n    a.cky-banner-element {<br \/>        padding: 8px 30px;<br \/>        background: #F8F9FA;<br \/>        color: #858A8F;<br \/>        border: 1px solid #DEE2E6;<br \/>        box-sizing: border-box;<br \/>        border-radius: 2px;<br \/>        cursor: pointer;<br \/>}<br \/><\/style><h5>Vad \u00e4r cookies?<\/h5><div class=\"cookie-policy-p\"><p>Denna cookiepolicy f\u00f6rklarar vad cookies \u00e4r och hur vi anv\u00e4nder dem, vilka typer av cookies vi anv\u00e4nder, dvs. vilken information vi samlar in med hj\u00e4lp av cookies och hur denna information anv\u00e4nds, samt hur du hanterar dina cookieinst\u00e4llningar.<\/p><p>Cookies \u00e4r sm\u00e5 textfiler som anv\u00e4nds f\u00f6r att lagra sm\u00e5 bitar av information. De lagras p\u00e5 din enhet n\u00e4r webbplatsen laddas i din webbl\u00e4sare. Dessa cookies hj\u00e4lper oss att f\u00e5 webbplatsen att fungera korrekt, g\u00f6ra den s\u00e4krare, ge en b\u00e4ttre anv\u00e4ndarupplevelse och f\u00f6rst\u00e5 hur webbplatsen fungerar och analysera vad som fungerar och var den beh\u00f6ver f\u00f6rb\u00e4ttras.<\/p><\/div><h5>Hur anv\u00e4nder vi cookies?<\/h5><div class=\"cookie-policy-p\"><p>Liksom de flesta onlinetj\u00e4nster anv\u00e4nder v\u00e5r webbplats f\u00f6rstaparts- och tredjepartscookies f\u00f6r flera \u00e4ndam\u00e5l. F\u00f6rstapartscookies \u00e4r oftast n\u00f6dv\u00e4ndiga f\u00f6r att webbplatsen ska fungera korrekt och de samlar inte in n\u00e5gra av dina personligt identifierbara uppgifter.<\/p><p>De tredjepartscookies som anv\u00e4nds p\u00e5 v\u00e5r webbplats anv\u00e4nds fr\u00e4mst f\u00f6r att f\u00f6rst\u00e5 hur webbplatsen fungerar, hur du interagerar med v\u00e5r webbplats, h\u00e5lla v\u00e5ra tj\u00e4nster s\u00e4kra, leverera annonser som \u00e4r relevanta f\u00f6r dig och \u00f6verlag ge dig en b\u00e4ttre och f\u00f6rb\u00e4ttrad anv\u00e4ndarupplevelse och hj\u00e4lpa till att p\u00e5skynda framtida interaktioner med v\u00e5r webbplats.<\/p><\/div><h5>Cookies som vi anv\u00e4nder<\/h5><div class=\"cky-audit-table-element\"><h3>Google Analytics<\/h3><p>Google Analytics \u00e4r en webbanalystj\u00e4nst som tillhandah\u00e5lls av Google, Inc (\"Google\"). Google Analytics anv\u00e4nder cookies f\u00f6r att analysera hur anv\u00e4ndarna anv\u00e4nder webbplatsen. Den information som genereras av cookien om din anv\u00e4ndning av webbplatsen, inklusive din IP-adress, kommer att \u00f6verf\u00f6ras till Google och lagras p\u00e5 servrar i USA. Vi anv\u00e4nder anonymiseIP, en funktion som g\u00f6r det om\u00f6jligt att identifiera en enskild anv\u00e4ndare. Google kommer att anv\u00e4nda denna information i syfte att utv\u00e4rdera din anv\u00e4ndning av webbplatsen, sammanst\u00e4lla rapporter om webbplatsaktivitet f\u00f6r webbplatsoperat\u00f6rer och tillhandah\u00e5lla andra tj\u00e4nster som r\u00f6r webbplatsaktivitet och internetanv\u00e4ndning.<\/p><p>Google kan ocks\u00e5 \u00f6verf\u00f6ra denna information till tredje part om det kr\u00e4vs enligt lag eller i fall d\u00e4r tredje part behandlar informationen p\u00e5 uppdrag av Google. Google kommer inte att koppla din IP-adress till n\u00e5gon annan information som innehas av Google.<\/p><p>Tj\u00e6ralin anv\u00e4nder Google Analytics f\u00f6r att analysera anv\u00e4ndningen av Tj\u00e6ralins webbplats. Vi f\u00e5r information om vilka sidor som \u00e4r mest bes\u00f6kta, varifr\u00e5n anv\u00e4ndarna kommer, vid vilka tidpunkter sidorna \u00e4r mest bes\u00f6kta osv.<\/p><h3>Tredeparts sp\u00f8rringer \/ F\u00f6rfr\u00e5gningar fr\u00e5n tredje part<\/h3><div>Detta \u00e4r f\u00f6rfr\u00e5gningar fr\u00e5n en anv\u00e4ndare till en extern tj\u00e4nsteleverant\u00f6r. Trots att dessa f\u00f6rfr\u00e5gningar inte inneh\u00e5ller n\u00e5gra cookies kan de \u00e4nd\u00e5 \u00f6verf\u00f6ra information till tredje part. Google Analytics fungerar genom f\u00f6rfr\u00e5gningar fr\u00e5n tredje part.<\/div><div>\u00a0<\/div><h3>Hotjar<\/h3><p>Hotjar anv\u00e4nds f\u00f6r att analysera anv\u00e4ndartrender och webbanv\u00e4ndning samt feedback fr\u00e5n anv\u00e4ndare av webbplatsen. Webbplatsen\u00a0<a href=\"https:\/\/www.tjaralin.no\/\">www.tjaralin.no<\/a>\u00a0har en sp\u00e5rningskod som kontaktar Hotjars servrar som k\u00f6r ett skript mot din dator eller enhet. Detta skript kommer att registrera information relaterad till din anv\u00e4ndning av webbplatsen. Informationen skickas sedan till Hotjars servrar f\u00f6r analys. Hotjar samlar in information som din IP-adress, sk\u00e4rmuppl\u00f6sning, vilken webbl\u00e4sare du anv\u00e4nder, musr\u00f6relser, vilken webbplats du bes\u00f6ker, spr\u00e5kinst\u00e4llningar etc. Hotjar anv\u00e4nder \u00e4ven cookies f\u00f6r att lagra information som inte inneh\u00e5ller personuppgifter. Den information som samlas in av Hotjar lagras p\u00e5 Hotjars servrar i Irland (EU). Den insamlade informationen omfattas av Hotjars \"Sekretesspolicy\" som finns p\u00e5:\u00a0<a href=\"https:\/\/www.hotjar.com\/privacy\">https:\/\/www.hotjar.com\/privacy<\/a><\/p><\/div><h5 style=\"margin-bottom: 20px;\">Anpassa inst\u00e4llningar f\u00f6r cookies<\/h5><p><strong><span style=\"text-decoration: underline;\"><a class=\"cky-banner-element\">Anpassa dina samtyckespreferenser h\u00e4r<\/a><\/span><\/strong><\/p><div><p>Du kan n\u00e4r som helst \u00e4ndra dina cookie-inst\u00e4llningar genom att klicka p\u00e5 knappen ovan. D\u00e5 kan du g\u00e5 tillbaka till bannern f\u00f6r samtycke till cookies och \u00e4ndra dina inst\u00e4llningar eller dra tillbaka ditt samtycke omedelbart.<\/p><p>Dessutom erbjuder olika webbl\u00e4sare olika metoder f\u00f6r att blockera och radera cookies som anv\u00e4nds av webbplatser. Du kan \u00e4ndra inst\u00e4llningarna i din webbl\u00e4sare f\u00f6r att blockera\/radera cookies. Nedan finns l\u00e4nkar till st\u00f6ddokument om hur du hanterar och raderar cookies fr\u00e5n de st\u00f6rsta webbl\u00e4sarna.<\/p><p>Krom: <a href=\"https:\/\/support.google.com\/accounts\/answer\/32050\">https:\/\/support.google.com\/accounts\/answer\/32050<\/a><\/p><p>Safari: <a href=\"https:\/\/support.apple.com\/en-in\/guide\/safari\/sfri11471\/mac\">https:\/\/support.apple.com\/en-in\/guide\/safari\/sfri11471\/mac<\/a><\/p><p>Firefox: <a href=\"https:\/\/support.mozilla.org\/en-US\/kb\/clear-cookies-and-site-data-firefox?redirectslug=delete-cookies-remove-info-websites-stored&amp;redirectlocale=en-US\">https:\/\/support.mozilla.org\/en-US\/kb\/clear-cookies-and-site-data-firefox?redirectslug=delete-cookies-remove-info-websites-stored&amp;redirectlocale=en-US<\/a><\/p><p>Internet Explorer: <a href=\"https:\/\/support.microsoft.com\/en-us\/topic\/how-to-delete-cookie-files-in-internet-explorer-bca9446f-d873-78de-77ba-d42645fa52fc\">https:\/\/support.microsoft.com\/en-us\/topic\/how-to-delete-cookie-files-in-internet-explorer-bca9446f-d873-78de-77ba-d42645fa52fc<\/a><\/p><p>Om du anv\u00e4nder en annan webbl\u00e4sare, v\u00e4nligen bes\u00f6k webbl\u00e4sarens officiella supportdokument.<\/p><p>Senast uppdaterad: 08.11.2023<\/p><\/div><\/li><li><h2 class=\"privacy-policy-h2\">S\u00e4kerhet:<\/h2><p class=\"privacy-policy-p\">S\u00e4kerheten f\u00f6r din information \u00e4r viktig f\u00f6r<br \/>oss, och vi<br \/>kommer att anv\u00e4nda rimliga s\u00e4kerhets\u00e5tg\u00e4rder<br \/>f\u00f6r att f\u00f6rhindra f\u00f6rluster,<br \/>missbruk eller obeh\u00f6rig anv\u00e4ndning<br \/>\u00e4ndra dina uppgifter nedan<br \/>v\u00e5r kontroll. Med tanke p\u00e5 de inneboende riskerna,<br \/>kan vi inte garantera absolut s\u00e4kerhet och<br \/>f\u00f6ljaktligen kan<br \/>vi inte s\u00e4kerst\u00e4ller eller garanterar s\u00e4kerheten f\u00f6r n\u00e5gon<br \/>information som du skickar till oss<br \/>och du g\u00f6r detta p\u00e5 egen hand<br \/>risk.<\/p><\/li><li><div>\u00a0<\/div><\/li><li><h2 class=\"privacy-policy-h2\">Klagom\u00e5l\/ombud f\u00f6r personligt skydd:<\/h2><p class=\"privacy-policy-p\">Om du har fr\u00e5gor eller funderingar om din behandling<br \/>av din information som \u00e4r tillg\u00e4nglig<br \/>med oss, kan du skicka ett e-postmeddelande till v\u00e5r<br \/>Dataskyddsombud p\u00e5 Tj\u00e6ralin AS,<br \/>Dynamitveien 24,<br \/>E-post: tjaralin@tjaralin.no.<br \/>Vi kommer att hantera dina fr\u00e5gor i enlighet med<br \/>g\u00e4llande lagstiftning.<\/p><\/li><li><div>\u00a0<\/div><\/li><\/ol><p class=\"privacy-policy-p\">Sekretesspolicy genererad med <a href=\"https:\/\/www.cookieyes.com\/?utm_source=PP&amp;utm_medium=footer&amp;utm_campaign=UW\" target=\"_blank\" rel=\"noopener\">CookieJa<\/a>.<\/p>\t\t\t\t\t\t<\/div>\n\t\t\t\t<\/div>\n\t\t\t\t\t<\/div>\n\t\t\t\t<\/div>\n\t\t\t\t<\/div>","protected":false},"excerpt":{"rendered":"<p>Integritetspolicy | Cookies Integritetspolicy Senast uppdaterad 18 mars 2024| Ikrafttr\u00e4dande 18 mars 2024 Denna integritetspolicy beskriver Tj\u00e6ralin AS:s policy,Dynamitveien 24,SKI1400,Norge,e-post: tjaralin@tjaralin.no,telefon: 004795041100 avseende insamling, anv\u00e4ndning och utl\u00e4mnande av din information som vi samlar in n\u00e4r du anv\u00e4nder v\u00e5r webbplats (https:\/\/tjaralinwp.azurewebsites.net) (\"Tj\u00e4nsten\"). Genom att f\u00e5 tillg\u00e5ng till eller anv\u00e4nda tj\u00e4nsten samtycker du till insamling, anv\u00e4ndning och avsl\u00f6jande av din [...]<\/p>","protected":false},"author":1,"featured_media":0,"parent":0,"menu_order":0,"comment_status":"closed","ping_status":"closed","template":"","meta":{"footnotes":""},"class_list":["post-1867","page","type-page","status-publish","hentry"],"aioseo_notices":[],"_links":{"self":[{"href":"https:\/\/tjaralinwp.azurewebsites.net\/sv\/wp-json\/wp\/v2\/pages\/1867"}],"collection":[{"href":"https:\/\/tjaralinwp.azurewebsites.net\/sv\/wp-json\/wp\/v2\/pages"}],"about":[{"href":"https:\/\/tjaralinwp.azurewebsites.net\/sv\/wp-json\/wp\/v2\/types\/page"}],"author":[{"embeddable":true,"href":"https:\/\/tjaralinwp.azurewebsites.net\/sv\/wp-json\/wp\/v2\/users\/1"}],"replies":[{"embeddable":true,"href":"https:\/\/tjaralinwp.azurewebsites.net\/sv\/wp-json\/wp\/v2\/comments?post=1867"}],"version-history":[{"count":50,"href":"https:\/\/tjaralinwp.azurewebsites.net\/sv\/wp-json\/wp\/v2\/pages\/1867\/revisions"}],"predecessor-version":[{"id":5611,"href":"https:\/\/tjaralinwp.azurewebsites.net\/sv\/wp-json\/wp\/v2\/pages\/1867\/revisions\/5611"}],"wp:attachment":[{"href":"https:\/\/tjaralinwp.azurewebsites.net\/sv\/wp-json\/wp\/v2\/media?parent=1867"}],"curies":[{"name":"wp","href":"https:\/\/api.w.org\/{rel}","templated":true}]}}